{"id":696,"date":"2025-07-29T19:56:05","date_gmt":"2025-07-29T12:56:05","guid":{"rendered":"https:\/\/seasonspa.vn\/?page_id=696"},"modified":"2025-08-01T22:21:23","modified_gmt":"2025-08-01T15:21:23","slug":"gioi-thieu","status":"publish","type":"page","link":"https:\/\/seasonspa.vn\/en\/gioi-thieu\/","title":{"rendered":"Introduce"},"content":{"rendered":"<section class=\"section\" id=\"section_1737386684\">\n\t\t<div class=\"bg section-bg fill bg-fill bg-loaded\" >\n\n\t\t\t\n\t\t\t\n\t\t\t\n\n\t\t<\/div>\n\n\t\t\n\n\t\t<div class=\"section-content relative\">\n\t\t\t\n<div class=\"row\" id=\"row-194183702\">\n\n\t<div id=\"col-501667419\" class=\"col medium-4 small-12 large-4\" >\n\t\t\t\t<div class=\"col-inner\" >\n\t\t\t\n\t\t\t\n<h2 class=\"sectionTitle\">Find Your Life Balance at Season Spa, District 1, Ho Chi Minh City<\/h2>\n<p><a class=\"banner-txt-btn-primary\" href=\"#\">Book an appointment<\/a><\/p>\n\t\t<\/div>\n\t\t\t\t\t<\/div>\n\n\t\n\n\t<div id=\"col-607170669\" class=\"col medium-8 small-12 large-8\" >\n\t\t\t\t<div class=\"col-inner\" >\n\t\t\t\n\t\t\t\n<p>Born with the mission to bring complete relaxation and balanced beauty from within, Season Spa continuously strives to perfect its services, putting customers\u2019 health and experience at its core values.<\/p>\n<p>In a peaceful, warm space carefully detailed in every aspect, the Season Spa team\u2014skilled professionals passionate about their craft\u2014will help you melt away all fatigue and awaken the positive energy within your body.<\/p>\n<p>From essential oil massages, hot stone therapy, and skincare to advanced relaxation services, every experience at Season Spa is personally tailored to meet the unique needs of each customer.<\/p>\n<p>Located conveniently in the heart of Ho Chi Minh City, Season Spa has become a familiar destination for both domestic and international visitors. With dedication, professionalism, and a spirit of continuous innovation, we proudly offer a place where you can confidently entrust your body, recharge your energy, and rediscover daily peace.<\/p>\n\t\t<\/div>\n\t\t\t\t\t<\/div>\n\n\t\n<\/div>\n\t\t<\/div>\n\n\t\t\n<style>\n#section_1737386684{\n padding-top:50px;\n padding-bottom:50px;\n}\n<\/style>\n\t<\/section>\n\t\n\t<section class=\"section\" id=\"section_1405008979\">\n\t\t<div class=\"bg section-bg fill bg-fill bg-loaded\" >\n\n\t\t\t\n\t\t\t\n\t\t\t\n\n\t\t<\/div>\n\n\t\t\n\n\t\t<div class=\"section-content relative\">\n\t\t\t\n<div class=\"row\" id=\"row-664975353\">\n\n\t<div id=\"col-11346093\" class=\"col small-12 large-12\" >\n\t\t\t\t<div class=\"col-inner\" >\n\t\t\t\n\t\t\t\n <style>\n #gallery-605799766 .grid-col-1{height:600px}\n #gallery-605799766 .grid-col-1-2{height:300px}\n #gallery-605799766 .grid-col-1-3{height:200px}\n #gallery-605799766 .grid-col-2-3{height:400px}\n #gallery-605799766 .grid-col-1-4{height:150px}\n #gallery-605799766 .grid-col-3-4{height:450px}\n\n\n \/* Tablet *\/\n @media (max-width:850px){\n #gallery-605799766 .grid-col-1{height:400px}\n #gallery-605799766 .grid-col-1-2{height:200px}\n #gallery-605799766 .grid-col-1-3{height:133.33333333333px}\n #gallery-605799766 .grid-col-2-3{height:266.66666666667px}\n #gallery-605799766 .grid-col-1-4{height:100px}\n #gallery-605799766 .grid-col-3-4{height:300px}\n}\n \n \/* Mobile *\/\n @media (max-width:550px){\n #gallery-605799766 .grid-col-1{height:400px}\n #gallery-605799766 .grid-col-1-2{height:200px}\n #gallery-605799766 .grid-col-1-3{height:133.33333333333px}\n #gallery-605799766 .grid-col-2-3{height:266.66666666667px}\n #gallery-605799766 .grid-col-1-4{height:100px}\n #gallery-605799766 .grid-col-3-4{height:300px}\n}\n \n\n <\/style>\n \n \n <div id=\"gallery-605799766\" class=\"row row-grid\" data-packery-options='{\"itemSelector\": \".col\", \"gutter\": 0, \"presentageWidth\" : true}'>\n\n <div class=\"gallery-col col grid-col grid-col-1 large-12 medium-12\" >\n <div class=\"col-inner\">\n <a class=\"image-lightbox lightbox-gallery\" href=\"https:\/\/seasonspa.vn\/wp-content\/uploads\/2025\/08\/da047b54909fdad93df9524bb1c8a1b3.jpg\" title=\"\"> <div class=\"box has-hover gallery-box box-overlay dark box-text-center\">\n <div class=\"box-image\" >\n <img loading=\"lazy\" decoding=\"async\" width=\"1020\" height=\"1020\" src=\"https:\/\/seasonspa.vn\/wp-content\/uploads\/2025\/08\/da047b54909fdad93df9524bb1c8a1b3-1024x1024.jpg\" class=\"attachment-large size-large\" alt=\"Gi\u1edbi thi\u1ec7u\" ids=\"877,874,876,875,815,621,471\" lightbox_image_size=\"original\" type=\"grid\" grid=\"2\" srcset=\"https:\/\/seasonspa.vn\/wp-content\/uploads\/2025\/08\/da047b54909fdad93df9524bb1c8a1b3-1024x1024.jpg 1024w, https:\/\/seasonspa.vn\/wp-content\/uploads\/2025\/08\/da047b54909fdad93df9524bb1c8a1b3-300x300.jpg 300w, https:\/\/seasonspa.vn\/wp-content\/uploads\/2025\/08\/da047b54909fdad93df9524bb1c8a1b3-150x150.jpg 150w, https:\/\/seasonspa.vn\/wp-content\/uploads\/2025\/08\/da047b54909fdad93df9524bb1c8a1b3-768x768.jpg 768w, https:\/\/seasonspa.vn\/wp-content\/uploads\/2025\/08\/da047b54909fdad93df9524bb1c8a1b3-12x12.jpg 12w, https:\/\/seasonspa.vn\/wp-content\/uploads\/2025\/08\/da047b54909fdad93df9524bb1c8a1b3.jpg 1200w\" sizes=\"auto, (max-width: 1020px) 100vw, 1020px\" \/> <div class=\"overlay fill\"\n style=\"background-color: rgba(0,0,0,.15)\">\n <\/div>\n <\/div>\n <div class=\"box-text text-left dark\" >\n <p><\/p>\n <\/div>\n <\/div>\n <\/a> <\/div>\n <\/div><div class=\"gallery-col col grid-col grid-col-1-3 large-4 medium-12\" >\n <div class=\"col-inner\">\n <a class=\"image-lightbox lightbox-gallery\" href=\"https:\/\/seasonspa.vn\/wp-content\/uploads\/2025\/08\/3e48ba3dd451f7bbe5a31be5ca6ae627.jpg\" title=\"\"> <div class=\"box has-hover gallery-box box-overlay dark box-text-center\">\n <div class=\"box-image\" >\n <img loading=\"lazy\" decoding=\"async\" width=\"600\" height=\"400\" src=\"https:\/\/seasonspa.vn\/wp-content\/uploads\/2025\/08\/3e48ba3dd451f7bbe5a31be5ca6ae627.jpg\" class=\"attachment-large size-large\" alt=\"Gi\u1edbi thi\u1ec7u\" ids=\"877,874,876,875,815,621,471\" lightbox_image_size=\"original\" type=\"grid\" grid=\"2\" srcset=\"https:\/\/seasonspa.vn\/wp-content\/uploads\/2025\/08\/3e48ba3dd451f7bbe5a31be5ca6ae627.jpg 600w, https:\/\/seasonspa.vn\/wp-content\/uploads\/2025\/08\/3e48ba3dd451f7bbe5a31be5ca6ae627-300x200.jpg 300w, https:\/\/seasonspa.vn\/wp-content\/uploads\/2025\/08\/3e48ba3dd451f7bbe5a31be5ca6ae627-18x12.jpg 18w\" sizes=\"auto, (max-width: 600px) 100vw, 600px\" \/> <div class=\"overlay fill\"\n style=\"background-color: rgba(0,0,0,.15)\">\n <\/div>\n <\/div>\n <div class=\"box-text text-left dark\" >\n <p><\/p>\n <\/div>\n <\/div>\n <\/a> <\/div>\n <\/div><div class=\"gallery-col col grid-col grid-col-1-3 large-4 medium-12\" >\n <div class=\"col-inner\">\n <a class=\"image-lightbox lightbox-gallery\" href=\"https:\/\/seasonspa.vn\/wp-content\/uploads\/2025\/08\/e1ca922d2ae0028e48edd5f6c19f7539.jpg\" title=\"\"> <div class=\"box has-hover gallery-box box-overlay dark box-text-center\">\n <div class=\"box-image\" >\n <img loading=\"lazy\" decoding=\"async\" width=\"1020\" height=\"765\" src=\"https:\/\/seasonspa.vn\/wp-content\/uploads\/2025\/08\/e1ca922d2ae0028e48edd5f6c19f7539-1024x768.jpg\" class=\"attachment-large size-large\" alt=\"Gi\u1edbi thi\u1ec7u\" ids=\"877,874,876,875,815,621,471\" lightbox_image_size=\"original\" type=\"grid\" grid=\"2\" srcset=\"https:\/\/seasonspa.vn\/wp-content\/uploads\/2025\/08\/e1ca922d2ae0028e48edd5f6c19f7539-1024x768.jpg 1024w, https:\/\/seasonspa.vn\/wp-content\/uploads\/2025\/08\/e1ca922d2ae0028e48edd5f6c19f7539-300x225.jpg 300w, https:\/\/seasonspa.vn\/wp-content\/uploads\/2025\/08\/e1ca922d2ae0028e48edd5f6c19f7539-768x576.jpg 768w, https:\/\/seasonspa.vn\/wp-content\/uploads\/2025\/08\/e1ca922d2ae0028e48edd5f6c19f7539-16x12.jpg 16w, https:\/\/seasonspa.vn\/wp-content\/uploads\/2025\/08\/e1ca922d2ae0028e48edd5f6c19f7539.jpg 1200w\" sizes=\"auto, (max-width: 1020px) 100vw, 1020px\" \/> <div class=\"overlay fill\"\n style=\"background-color: rgba(0,0,0,.15)\">\n <\/div>\n <\/div>\n <div class=\"box-text text-left dark\" >\n <p><\/p>\n <\/div>\n <\/div>\n <\/a> <\/div>\n <\/div><div class=\"gallery-col col grid-col grid-col-1-3 large-4 medium-12\" >\n <div class=\"col-inner\">\n <a class=\"image-lightbox lightbox-gallery\" href=\"https:\/\/seasonspa.vn\/wp-content\/uploads\/2025\/08\/7cfa77f21d0daa8bfa6d92350b975a3c.jpg\" title=\"\"> <div class=\"box has-hover gallery-box box-overlay dark box-text-center\">\n <div class=\"box-image\" >\n <img loading=\"lazy\" decoding=\"async\" width=\"1020\" height=\"765\" src=\"https:\/\/seasonspa.vn\/wp-content\/uploads\/2025\/08\/7cfa77f21d0daa8bfa6d92350b975a3c.jpg\" class=\"attachment-large size-large\" alt=\"Gi\u1edbi thi\u1ec7u\" ids=\"877,874,876,875,815,621,471\" lightbox_image_size=\"original\" type=\"grid\" grid=\"2\" srcset=\"https:\/\/seasonspa.vn\/wp-content\/uploads\/2025\/08\/7cfa77f21d0daa8bfa6d92350b975a3c.jpg 1024w, https:\/\/seasonspa.vn\/wp-content\/uploads\/2025\/08\/7cfa77f21d0daa8bfa6d92350b975a3c-300x225.jpg 300w, https:\/\/seasonspa.vn\/wp-content\/uploads\/2025\/08\/7cfa77f21d0daa8bfa6d92350b975a3c-768x576.jpg 768w, https:\/\/seasonspa.vn\/wp-content\/uploads\/2025\/08\/7cfa77f21d0daa8bfa6d92350b975a3c-16x12.jpg 16w\" sizes=\"auto, (max-width: 1020px) 100vw, 1020px\" \/> <div class=\"overlay fill\"\n style=\"background-color: rgba(0,0,0,.15)\">\n <\/div>\n <\/div>\n <div class=\"box-text text-left dark\" >\n <p><\/p>\n <\/div>\n <\/div>\n <\/a> <\/div>\n <\/div><div class=\"gallery-col col grid-col grid-col-1-3 large-4 medium-12\" >\n <div class=\"col-inner\">\n <a class=\"image-lightbox lightbox-gallery\" href=\"https:\/\/seasonspa.vn\/wp-content\/uploads\/2025\/08\/b4806eb3cf531a9f1e2581c42929c23b.jpg\" title=\"\"> <div class=\"box has-hover gallery-box box-overlay dark box-text-center\">\n <div class=\"box-image\" >\n <img loading=\"lazy\" decoding=\"async\" width=\"418\" height=\"627\" src=\"https:\/\/seasonspa.vn\/wp-content\/uploads\/2025\/08\/b4806eb3cf531a9f1e2581c42929c23b.jpg\" class=\"attachment-large size-large\" alt=\"\" ids=\"877,874,876,875,815,621,471\" lightbox_image_size=\"original\" type=\"grid\" grid=\"2\" srcset=\"https:\/\/seasonspa.vn\/wp-content\/uploads\/2025\/08\/b4806eb3cf531a9f1e2581c42929c23b.jpg 418w, https:\/\/seasonspa.vn\/wp-content\/uploads\/2025\/08\/b4806eb3cf531a9f1e2581c42929c23b-200x300.jpg 200w, https:\/\/seasonspa.vn\/wp-content\/uploads\/2025\/08\/b4806eb3cf531a9f1e2581c42929c23b-8x12.jpg 8w\" sizes=\"auto, (max-width: 418px) 100vw, 418px\" \/> <div class=\"overlay fill\"\n style=\"background-color: rgba(0,0,0,.15)\">\n <\/div>\n <\/div>\n <div class=\"box-text text-left dark\" >\n <p><\/p>\n <\/div>\n <\/div>\n <\/a> <\/div>\n <\/div><div class=\"gallery-col col grid-col grid-col-1-3 large-4 medium-12\" >\n <div class=\"col-inner\">\n <a class=\"image-lightbox lightbox-gallery\" href=\"https:\/\/seasonspa.vn\/wp-content\/uploads\/2025\/07\/4299-e1716563633114-768x511-1.jpg\" title=\"\"> <div class=\"box has-hover gallery-box box-overlay dark box-text-center\">\n <div class=\"box-image\" >\n <img loading=\"lazy\" decoding=\"async\" width=\"768\" height=\"511\" src=\"https:\/\/seasonspa.vn\/wp-content\/uploads\/2025\/07\/4299-e1716563633114-768x511-1.jpg\" class=\"attachment-large size-large\" alt=\"\" ids=\"877,874,876,875,815,621,471\" lightbox_image_size=\"original\" type=\"grid\" grid=\"2\" \/> <div class=\"overlay fill\"\n style=\"background-color: rgba(0,0,0,.15)\">\n <\/div>\n <\/div>\n <div class=\"box-text text-left dark\" >\n <p><\/p>\n <\/div>\n <\/div>\n <\/a> <\/div>\n <\/div><div class=\"gallery-col col grid-col grid-col-1-3 large-4 medium-12\" >\n <div class=\"col-inner\">\n <a class=\"image-lightbox lightbox-gallery\" href=\"https:\/\/seasonspa.vn\/wp-content\/uploads\/2025\/07\/232048.jpg\" title=\"\"> <div class=\"box has-hover gallery-box box-overlay dark box-text-center\">\n <div class=\"box-image\" >\n <img loading=\"lazy\" decoding=\"async\" width=\"1000\" height=\"667\" src=\"https:\/\/seasonspa.vn\/wp-content\/uploads\/2025\/07\/232048.jpg\" class=\"attachment-large size-large\" alt=\"Massage Th\u00e1i l\u00e0 g\u00ec m\u00e0 nhi\u1ec1u ng\u01b0\u1eddi \u01b0a chu\u1ed9ng nh\u01b0 v\u1eady\" ids=\"877,874,876,875,815,621,471\" lightbox_image_size=\"original\" type=\"grid\" grid=\"2\" \/> <div class=\"overlay fill\"\n style=\"background-color: rgba(0,0,0,.15)\">\n <\/div>\n <\/div>\n <div class=\"box-text text-left dark\" >\n <p><\/p>\n <\/div>\n <\/div>\n <\/a> <\/div>\n <\/div><\/div>\n\t\t<\/div>\n\t\t\t\t\t<\/div>\n\n\t\n<\/div>\n\t\t<\/div>\n\n\t\t\n<style>\n#section_1405008979{\n padding-top:30px;\n padding-bottom:30px;\n}\n<\/style>\n\t<\/section>","protected":false},"excerpt":{"rendered":"","protected":false},"author":1,"featured_media":0,"parent":0,"menu_order":4,"comment_status":"closed","ping_status":"closed","template":"page-blank.php","meta":{"_acf_changed":false,"footnotes":""},"class_list":["post-696","page","type-page","status-publish","hentry"],"acf":[],"_links":{"self":[{"href":"https:\/\/seasonspa.vn\/en\/wp-json\/wp\/v2\/pages\/696","targetHints":{"allow":["GET"]}}],"collection":[{"href":"https:\/\/seasonspa.vn\/en\/wp-json\/wp\/v2\/pages"}],"about":[{"href":"https:\/\/seasonspa.vn\/en\/wp-json\/wp\/v2\/types\/page"}],"author":[{"embeddable":true,"href":"https:\/\/seasonspa.vn\/en\/wp-json\/wp\/v2\/users\/1"}],"replies":[{"embeddable":true,"href":"https:\/\/seasonspa.vn\/en\/wp-json\/wp\/v2\/comments?post=696"}],"version-history":[{"count":10,"href":"https:\/\/seasonspa.vn\/en\/wp-json\/wp\/v2\/pages\/696\/revisions"}],"predecessor-version":[{"id":878,"href":"https:\/\/seasonspa.vn\/en\/wp-json\/wp\/v2\/pages\/696\/revisions\/878"}],"wp:attachment":[{"href":"https:\/\/seasonspa.vn\/en\/wp-json\/wp\/v2\/media?parent=696"}],"curies":[{"name":"wp","href":"https:\/\/api.w.org\/{rel}","templated":true}]}}