{"id":449,"date":"2025-07-18T21:03:42","date_gmt":"2025-07-18T14:03:42","guid":{"rendered":"https:\/\/seasonspa.vn\/?page_id=449"},"modified":"2025-11-13T00:45:28","modified_gmt":"2025-11-12T17:45:28","slug":"lien-he","status":"publish","type":"page","link":"https:\/\/seasonspa.vn\/ko\/lien-he\/","title":{"rendered":"\uc5f0\ub77d\ucc98"},"content":{"rendered":"<section class=\"section\" id=\"section_812839150\">\n\t\t<div class=\"bg section-bg fill bg-fill bg-loaded\" >\n\n\t\t\t\n\t\t\t\n\t\t\t\n\n\t\t<\/div>\n\n\t\t\n\n\t\t<div class=\"section-content relative\">\n\t\t\t\n<div class=\"row\" id=\"row-2013355835\">\n\n\t<div id=\"col-537264822\" class=\"col small-12 large-12\" >\n\t\t\t\t<div class=\"col-inner\" >\n\t\t\t\n\t\t\t\n <div class=\"fs-container\">\n <div class=\"fs-form-section\">\n <div class=\"fs-header\">\n <h1>\uace0\uac1d\uc13c\ud130 \ubb38\uc758<\/h1>\n <p class=\"subtitle\">Season Spa lu\u00f4n tr\u00e2n tr\u1ecdng v\u00e0 \u0111\u00e1nh gi\u00e1 cao nh\u1eefng nh\u1eadn x\u00e9t, ph\u1ea3n h\u1ed3i c\u1ee7a kh\u00e1ch \u0111\u1ed1i v\u1edbi s\u1ea3n ph\u1ea9m c\u1ee7a ch\u00fang t\u00f4i \u0111\u01b0\u1ee3c c\u1ea3i thi\u1ec7n, t\u1ed1t l\u00ean t\u1eebng ng\u00e0y. H\u1ec7 th\u1ed1ng<\/p>\n <\/div>\n\n <div class=\"fs-form-wrapper\">\n <div class=\"frm_forms with_frm_style frm_style_formidable-style\" id=\"frm_form_1_container\" data-token=\"88da788d442ab036b5fd1983df36d0c3\">\n<form enctype=\"multipart\/form-data\" method=\"post\" class=\"frm-show-form frm_js_validate frm_ajax_submit frm_pro_form\" id=\"form_contact-form\" data-token=\"88da788d442ab036b5fd1983df36d0c3\" action=\"\">\n<div class=\"frm_form_fields\">\n<fieldset>\n<legend class=\"frm_screen_reader\">Contact Us<\/legend>\r\n\r\n<div class=\"frm_fields_container\">\n<input type=\"hidden\" name=\"frm_action\" value=\"create\" \/>\n<input type=\"hidden\" name=\"form_id\" value=\"1\" \/>\n<input type=\"hidden\" name=\"frm_hide_fields_1\" id=\"frm_hide_fields_1\" value=\"\" \/>\n<input type=\"hidden\" name=\"form_key\" value=\"contact-form\" \/>\n<input type=\"hidden\" name=\"item_meta[0]\" value=\"\" \/>\n<input type=\"hidden\" id=\"frm_submit_entry_1\" name=\"frm_submit_entry_1\" value=\"9a62604dd9\" \/><input type=\"hidden\" name=\"_wp_http_referer\" value=\"\/ko\/wp-json\/wp\/v2\/pages\/449\" \/><div id=\"frm_field_1_container\" class=\"frm_form_field form-field frm_required_field frm_top_container frm12 frm_first\">\r\n\t<label for=\"field_qh4icy\" id=\"field_qh4icy_label\" class=\"frm_primary_label\">\uc131\uba85\r\n\t\t<span class=\"frm_required\" aria-hidden=\"true\">*<\/span>\r\n\t<\/label>\r\n\t<input type=\"text\" id=\"field_qh4icy\" name=\"item_meta[1]\" value=\"\" data-reqmsg=\"H\u1ecd v\u00e0 t\u00ean cannot be blank.\" aria-required=\"true\" data-invmsg=\"H\u1ecd v\u00e0 t\u00ean is invalid\" aria-invalid=\"false\" \/>\r\n\t\r\n\t\r\n<\/div>\n<div id=\"frm_field_46_container\" class=\"frm_form_field form-field frm_required_field frm_top_container\">\r\n\t<label for=\"field_z9nso\" id=\"field_z9nso_label\" class=\"frm_primary_label\">\uc804\ud654\ubc88\ud638\r\n\t\t<span class=\"frm_required\" aria-hidden=\"true\">*<\/span>\r\n\t<\/label>\r\n\t<input type=\"tel\" id=\"field_z9nso\" name=\"item_meta[46]\" value=\"\" data-reqmsg=\"S\u1ed1 \u0111i\u1ec7n tho\u1ea1i cannot be blank.\" aria-required=\"true\" data-invmsg=\"S\u1ed1 \u0111i\u1ec7n tho\u1ea1i is invalid\" aria-invalid=\"false\" pattern=\"((\\+\\d{1,3}(-|.| )?\\(?\\d\\)?(-| |.)?\\d{1,5})|(\\(?\\d{2,6}\\)?))(-|.| )?(\\d{3,4})(-|.| )?(\\d{4})(( x| ext)\\d{1,5}){0,1}$\" \/>\r\n\t\r\n\t\r\n<\/div>\n<div id=\"frm_field_5_container\" class=\"frm_form_field form-field frm_required_field frm_top_container frm_full\">\r\n\t<label for=\"field_9jv0r1\" id=\"field_9jv0r1_label\" class=\"frm_primary_label\">\uba54\uc2dc\uc9c0\r\n\t\t<span class=\"frm_required\" aria-hidden=\"true\">*<\/span>\r\n\t<\/label>\r\n\t<textarea name=\"item_meta[5]\" id=\"field_9jv0r1\" rows=\"5\"  data-reqmsg=\"L\u1eddi nh\u1eafn cannot be blank.\" aria-required=\"true\" data-invmsg=\"L\u1eddi nh\u1eafn is invalid\" aria-invalid=\"false\"  ><\/textarea>\r\n\t\r\n\t\r\n<\/div>\n<div id=\"frm_field_45_container\" class=\"frm_form_field form-field\">\r\n\t<div class=\"frm_submit frm_flex\">\r\n<button class=\"frm_button_submit frm_final_submit\" type=\"submit\" >\uc804\uc1a1<\/button>\r\n\r\n\r\n\r\n<\/div>\r\n<\/div>\n\t<input type=\"hidden\" name=\"item_key\" value=\"\" \/>\n\t\t\t<div id=\"frm_field_47_container\">\n\t\t\t<label for=\"field_b9jpv\" >\n\t\t\t\tIf you are human, leave this field blank.\t\t\t<\/label>\n\t\t\t<input id=\"field_b9jpv\" type=\"text\" class=\"frm_form_field form-field frm_verify\" name=\"item_meta[47]\" value=\"\" \/>\n\t\t<\/div>\n\t\t<input name=\"frm_state\" type=\"hidden\" value=\"44pXxAKil7ILpJqetNRIrgIaZ+WXkYRe1KKVMfen9D6s5nM9Fg0VZzPjhz7QZCY7\" \/><\/div>\n<\/fieldset>\n<\/div>\n\n<input type=\"hidden\" name=\"trp-form-language\" value=\"ko\"\/><\/form>\n<\/div>\n <\/div>\n <\/div>\n\n <div class=\"contact-info\">\n <div class=\"contact-details\">\n\n \n <div class=\"contact-item\">\n <div class=\"contact-title\">\uc18c\uc15c \ubbf8\ub514\uc5b4<\/div>\n <div class=\"contact-content social-links\">\n <a href=\"https:\/\/zalo.me\/0934040037\" target=\"_blank\" rel=\"noopener\">\n <img decoding=\"async\" src=\"https:\/\/seasonspa.vn\/wp-content\/uploads\/2025\/07\/Icon_of_Zalo.svg.png\" alt=\"Zalo\" \/>\n <\/a>\n <a href=\"https:\/\/wa.me\/84934040037\" target=\"_blank\" rel=\"noopener\">\n <img decoding=\"async\" src=\"https:\/\/seasonspa.vn\/wp-content\/uploads\/2025\/07\/whatsapp.png\" alt=\"WhatsApp\" \/>\n <\/a>\n <a href=\"https:\/\/m.me\/100064030452928\" target=\"_blank\">\n <img decoding=\"async\" src=\"https:\/\/seasonspa.vn\/wp-content\/uploads\/2025\/07\/facebook.png\" alt=\"Facebook\" \/>\n <\/a>\n <a href=\"#\" target=\"_blank\">\n <img decoding=\"async\" src=\"https:\/\/seasonspa.vn\/wp-content\/uploads\/2025\/07\/kakao-talk.png\" alt=\"KakaoTalk\" \/>\n <\/a>\n <\/div>\n <\/div>\n\n\n \n <div class=\"contact-item\">\n <div class=\"contact-icon\">\n <svg xmlns=\"http:\/\/www.w3.org\/2000\/svg\" width=\"24\" height=\"24\" viewbox=\"0 0 24 24\">\n <g fill=\"none\" stroke=\"#fff\" stroke-linecap=\"round\" stroke-linejoin=\"round\" stroke-width=\"2\">\n <path stroke-dasharray=\"64\" stroke-dashoffset=\"64\" d=\"M4 5h16c0.55 0 1 0.45 1 1v12c0 0.55 -0.45 1 -1 1h-16c-0.55 0 -1 -0.45 -1 -1v-12c0 -0.55 0.45 -1 1 -1Z\">\n <animate fill=\"freeze\" attributename=\"stroke-dashoffset\" dur=\"0.6s\" values=\"64;0\" \/>\n <\/path>\n <path stroke-dasharray=\"24\" stroke-dashoffset=\"24\" d=\"M3 6.5l9 5.5l9 -5.5\">\n <animate fill=\"freeze\" attributename=\"stroke-dashoffset\" begin=\"0.6s\" dur=\"0.2s\" values=\"24;0\" \/>\n <\/path>\n <\/g>\n <\/svg>\n <\/div>\n <div class=\"contact-title\">Email<\/div>\n <div class=\"contact-content\">season<\/div>\n <\/div>\n\n \n <div class=\"contact-item\">\n <div class=\"contact-icon\">\n <svg xmlns=\"http:\/\/www.w3.org\/2000\/svg\" width=\"24\" height=\"24\" viewbox=\"0 0 24 24\">\n <g fill=\"none\" stroke=\"#fff\" stroke-linecap=\"round\" stroke-linejoin=\"round\" stroke-width=\"2\">\n <path stroke-dasharray=\"64\" stroke-dashoffset=\"64\" d=\"M8 3c0.5 0 2.5 4.5 2.5 5c0 1 -1.5 2 -2 3c-0.5 1 0.5 2 1.5 3c0.39 0.39 2 2 3 1.5c1 -0.5 2 -2 3 -2c0.5 0 5 2 5 2.5c0 2 -1.5 3.5 -3 4c-1.5 0.5 -2.5 0.5 -4.5 0c-2 -0.5 -3.5 -1 -6 -3.5c-2.5 -2.5 -3 -4 -3.5 -6c-0.5 -2 -0.5 -3 0 -4.5c0.5 -1.5 2 -3 4 -3Z\">\n <animate fill=\"freeze\" attributename=\"stroke-dashoffset\" dur=\"0.6s\" values=\"64;0\" \/>\n <animatetransform id=\"lineMdPhoneCallLoop0\" fill=\"freeze\" attributename=\"transform\" begin=\"0.6s;lineMdPhoneCallLoop0.begin+2.7s\" dur=\"0.5s\" type=\"rotate\" values=\"0 12 12;15 12 12;0 12 12;-12 12 12;0 12 12;12 12 12;0 12 12;-15 12 12;0 12 12\" \/>\n <\/path>\n <path stroke-dasharray=\"4\" stroke-dashoffset=\"4\" d=\"M15.76 8.28c-0.5 -0.51 -1.1 -0.93 -1.76 -1.24M15.76 8.28c0.49 0.49 0.9 1.08 1.2 1.72\">\n <animate fill=\"freeze\" attributename=\"stroke-dashoffset\" begin=\"lineMdPhoneCallLoop0.begin+0s\" dur=\"2.7s\" keytimes=\"0;0.111;0.259;0.37;1\" values=\"4;0;0;4;4\" \/>\n <\/path>\n <path stroke-dasharray=\"6\" stroke-dashoffset=\"6\" d=\"M18.67 5.35c-1 -1 -2.26 -1.73 -3.67 -2.1M18.67 5.35c0.99 1 1.72 2.25 2.08 3.65\">\n <animate fill=\"freeze\" attributename=\"stroke-dashoffset\" begin=\"lineMdPhoneCallLoop0.begin+0.2s\" dur=\"2.7s\" keytimes=\"0;0.074;0.185;0.333;0.444;1\" values=\"6;6;0;0;6;6\" \/>\n <\/path>\n <\/g>\n <\/svg>\n <\/div>\n <div class=\"contact-title\">Hotline<\/div>\n <div class=\"contact-content\">0934040037<\/div>\n <\/div>\n\n <\/div>\n <\/div>\n <\/div>\n\n\t\t<\/div>\n\t\t\t\t\t<\/div>\n\n\t\n<\/div>\n\t\t<\/div>\n\n\t\t\n<style>\n#section_812839150{\n padding-top:30px;\n padding-bottom:30px;\n}\n<\/style>\n\t<\/section>\n\t\n\t<section class=\"section\" id=\"section_1980685060\">\n\t\t<div class=\"bg section-bg fill bg-fill bg-loaded\" >\n\n\t\t\t\n\t\t\t\n\t\t\t\n\n\t\t<\/div>\n\n\t\t\n\n\t\t<div class=\"section-content relative\">\n\t\t\t\n<div class=\"row\" id=\"row-67934434\">\n\n\t<div id=\"col-2055473296\" class=\"col small-12 large-12\" >\n\t\t\t\t<div class=\"col-inner\" >\n\t\t\t\n\t\t\t\n\n<p><iframe src=\"https:\/\/www.google.com\/maps\/embed?pb=!1m18!1m12!1m3!1d7838.970284271028!2d106.7040918!3d10.774106099999997!2m3!1f0!2f0!3f0!3m2!1i1024!2i768!4f13.1!3m3!1m2!1s0x31752f5ae60a75fd%3A0xf66bfe695b188fb!2sSeason%20Spa!5e0!3m2!1sen!2s!4v1754037988660!5m2!1sen!2s\" width=\"100%\" height=\"400\" style=\"border:0;\" allowfullscreen=\"\" loading=\"lazy\" referrerpolicy=\"no-referrer-when-downgrade\"><\/iframe><br \/>\n\n\t\t<\/div>\n\t\t\t\t\t<\/div>\n\n\t\n<\/div>\n\t\t<\/div>\n\n\t\t\n<style>\n#section_1980685060{\n padding-top:30px;\n padding-bottom:30px;\n}\n<\/style>\n\t<\/section>","protected":false},"excerpt":{"rendered":"","protected":false},"author":1,"featured_media":0,"parent":0,"menu_order":5,"comment_status":"closed","ping_status":"closed","template":"page-blank.php","meta":{"_acf_changed":false,"footnotes":""},"class_list":["post-449","page","type-page","status-publish","hentry"],"acf":[],"_links":{"self":[{"href":"https:\/\/seasonspa.vn\/ko\/wp-json\/wp\/v2\/pages\/449","targetHints":{"allow":["GET"]}}],"collection":[{"href":"https:\/\/seasonspa.vn\/ko\/wp-json\/wp\/v2\/pages"}],"about":[{"href":"https:\/\/seasonspa.vn\/ko\/wp-json\/wp\/v2\/types\/page"}],"author":[{"embeddable":true,"href":"https:\/\/seasonspa.vn\/ko\/wp-json\/wp\/v2\/users\/1"}],"replies":[{"embeddable":true,"href":"https:\/\/seasonspa.vn\/ko\/wp-json\/wp\/v2\/comments?post=449"}],"version-history":[{"count":15,"href":"https:\/\/seasonspa.vn\/ko\/wp-json\/wp\/v2\/pages\/449\/revisions"}],"predecessor-version":[{"id":1401,"href":"https:\/\/seasonspa.vn\/ko\/wp-json\/wp\/v2\/pages\/449\/revisions\/1401"}],"wp:attachment":[{"href":"https:\/\/seasonspa.vn\/ko\/wp-json\/wp\/v2\/media?parent=449"}],"curies":[{"name":"wp","href":"https:\/\/api.w.org\/{rel}","templated":true}]}}