{"id":696,"date":"2025-07-29T19:56:05","date_gmt":"2025-07-29T12:56:05","guid":{"rendered":"https:\/\/seasonspa.vn\/?page_id=696"},"modified":"2025-08-01T22:21:23","modified_gmt":"2025-08-01T15:21:23","slug":"gioi-thieu","status":"publish","type":"page","link":"https:\/\/seasonspa.vn\/ko\/gioi-thieu\/","title":{"rendered":"\uc18c\uac1c"},"content":{"rendered":"<section class=\"section\" id=\"section_1690544791\">\n\t\t<div class=\"bg section-bg fill bg-fill bg-loaded\" >\n\n\t\t\t\n\t\t\t\n\t\t\t\n\n\t\t<\/div>\n\n\t\t\n\n\t\t<div class=\"section-content relative\">\n\t\t\t\n<div class=\"row\" id=\"row-262776354\">\n\n\t<div id=\"col-1697373635\" class=\"col medium-4 small-12 large-4\" >\n\t\t\t\t<div class=\"col-inner\" >\n\t\t\t\n\t\t\t\n<h2 class=\"sectionTitle\">\uc0b6\uc758 \uade0\ud615\uc744 \ub418\ucc3e\ub294 \uacf3, \ud638\uce58\ubbfc 1\uad70 Season Spa<\/h2>\n<p><a class=\"banner-txt-btn-primary\" href=\"#\">\uc608\uc57d\ud558\uae30<\/a><\/p>\n\t\t<\/div>\n\t\t\t\t\t<\/div>\n\n\t\n\n\t<div id=\"col-1553032465\" class=\"col medium-8 small-12 large-8\" >\n\t\t\t\t<div class=\"col-inner\" >\n\t\t\t\n\t\t\t\n<p>\ub0b4\uba74\uc758 \uade0\ud615 \uc788\ub294 \uc544\ub984\ub2e4\uc6c0\uacfc \uc644\uc804\ud55c \ud790\ub9c1\uc744 \uc120\uc0ac\ud558\uae30 \uc704\ud55c \uc0ac\uba85\uc744 \uac00\uc9c0\uace0 \ud0c4\uc0dd\ud55c Season Spa\ub294, \uace0\uac1d\uc758 \uac74\uac15\uacfc \uacbd\ud5d8\uc744 \ud575\uc2ec \uac00\uce58\ub85c \uc0bc\uc544 \uc11c\ube44\uc2a4\ub97c \ub04a\uc784\uc5c6\uc774 \ubc1c\uc804\uc2dc\ud0a4\uace0 \uc788\uc2b5\ub2c8\ub2e4.<\/p>\n<p>\ud3c9\uc628\ud558\uace0 \ub530\ub73b\ud558\uba70 \uc138\uc2ec\ud558\uac8c \uafb8\uba70\uc9c4 \uacf5\uac04\uc5d0\uc11c, \ub192\uc740 \uc804\ubb38\uc131\uacfc \uc9c1\uc5c5\uc5d0 \ub300\ud55c \uc5f4\uc815\uc744 \uac00\uc9c4 Season Spa\uc758 \ud14c\ub77c\ud53c\uc2a4\ud2b8\ub4e4\uc774 \ub2f9\uc2e0\uc758 \ud53c\ub85c\ub97c \ub9d0\ub054\ud788 \uc53b\uc5b4\ub0b4\uace0, \ubab8\uc18d\uc758 \uae0d\uc815\uc801\uc778 \uc5d0\ub108\uc9c0\ub97c \uae68\uc6cc\ub4dc\ub9bd\ub2c8\ub2e4.<\/p>\n<p>\uc544\ub85c\ub9c8 \ub9c8\uc0ac\uc9c0, \ud56b\uc2a4\ud1a4 \ud14c\ub77c\ud53c, \ud53c\ubd80 \uad00\ub9ac\ubd80\ud130 \uace0\uae09 \ud790\ub9c1 \uc11c\ube44\uc2a4\uae4c\uc9c0 \u2014 Season Spa\uc758 \ubaa8\ub4e0 \uacbd\ud5d8\uc740 \uace0\uac1d \ud55c \ubd84 \ud55c \ubd84\uc758 \ud2b9\ubcc4\ud55c \ub2c8\uc988\ub97c \ucda9\uc871\uc2dc\ud0a4\uae30 \uc704\ud574 \ub9de\ucda4\ud615\uc73c\ub85c \uc124\uacc4\ub418\uc5b4 \uc788\uc2b5\ub2c8\ub2e4.<\/p>\n<p>\ud638\uce58\ubbfc\uc2dc \uc911\uc2ec\ubd80\uc758 \ud3b8\ub9ac\ud55c \uc704\uce58\uc5d0 \uc790\ub9ac\ud55c Season Spa\ub294 \uad6d\ub0b4\uc678 \uace0\uac1d \ubaa8\ub450\uc5d0\uac8c \uc0ac\ub791\ubc1b\ub294 \ud734\uc2dd\ucc98\ub85c \uc790\ub9ac\ub9e4\uae40\ud558\uace0 \uc788\uc2b5\ub2c8\ub2e4. \uc9c4\uc2ec \uc5b4\ub9b0 \uc11c\ube44\uc2a4, \uc804\ubb38\uc131, \uadf8\ub9ac\uace0 \ub04a\uc784\uc5c6\ub294 \ud601\uc2e0 \uc815\uc2e0\uc73c\ub85c, \uc800\ud76c\ub294 \uc5ec\ub7ec\ubd84\uc774 \ubab8\uacfc \ub9c8\uc74c\uc744 \uc548\uc2ec\ud558\uace0 \ub9e1\uae30\uace0 \uc5d0\ub108\uc9c0\ub97c \uc7ac\ucda9\uc804\ud558\uba70 \ub9e4\uc77c\uc758 \ud3c9\uc628\ud568\uc744 \ub418\ucc3e\uc744 \uc218 \uc788\ub294 \uacf5\uac04\uc774 \ub420 \uac83\uc744 \uc790\ubd80\ud569\ub2c8\ub2e4.<\/p>\n\t\t<\/div>\n\t\t\t\t\t<\/div>\n\n\t\n<\/div>\n\t\t<\/div>\n\n\t\t\n<style>\n#section_1690544791{\n padding-top:50px;\n padding-bottom:50px;\n}\n<\/style>\n\t<\/section>\n\t\n\t<section class=\"section\" id=\"section_128126023\">\n\t\t<div class=\"bg section-bg fill bg-fill bg-loaded\" >\n\n\t\t\t\n\t\t\t\n\t\t\t\n\n\t\t<\/div>\n\n\t\t\n\n\t\t<div class=\"section-content relative\">\n\t\t\t\n<div class=\"row\" id=\"row-666644309\">\n\n\t<div id=\"col-962190581\" class=\"col small-12 large-12\" >\n\t\t\t\t<div class=\"col-inner\" >\n\t\t\t\n\t\t\t\n <style>\n #gallery-181127338 .grid-col-1{height:600px}\n #gallery-181127338 .grid-col-1-2{height:300px}\n #gallery-181127338 .grid-col-1-3{height:200px}\n #gallery-181127338 .grid-col-2-3{height:400px}\n #gallery-181127338 .grid-col-1-4{height:150px}\n #gallery-181127338 .grid-col-3-4{height:450px}\n\n\n \/* Tablet *\/\n @media (max-width:850px){\n #gallery-181127338 .grid-col-1{height:400px}\n #gallery-181127338 .grid-col-1-2{height:200px}\n #gallery-181127338 .grid-col-1-3{height:133.33333333333px}\n #gallery-181127338 .grid-col-2-3{height:266.66666666667px}\n #gallery-181127338 .grid-col-1-4{height:100px}\n #gallery-181127338 .grid-col-3-4{height:300px}\n}\n \n \/* Mobile *\/\n @media (max-width:550px){\n #gallery-181127338 .grid-col-1{height:400px}\n #gallery-181127338 .grid-col-1-2{height:200px}\n #gallery-181127338 .grid-col-1-3{height:133.33333333333px}\n #gallery-181127338 .grid-col-2-3{height:266.66666666667px}\n #gallery-181127338 .grid-col-1-4{height:100px}\n #gallery-181127338 .grid-col-3-4{height:300px}\n}\n \n\n <\/style>\n \n \n <div id=\"gallery-181127338\" class=\"row row-grid\" data-packery-options='{\"itemSelector\": \".col\", \"gutter\": 0, \"presentageWidth\" : true}'>\n\n <div class=\"gallery-col col grid-col grid-col-1 large-12 medium-12\" >\n <div class=\"col-inner\">\n <a class=\"image-lightbox lightbox-gallery\" href=\"https:\/\/seasonspa.vn\/wp-content\/uploads\/2025\/08\/da047b54909fdad93df9524bb1c8a1b3.jpg\" title=\"\"> <div class=\"box has-hover gallery-box box-overlay dark box-text-center\">\n <div class=\"box-image\" >\n <img loading=\"lazy\" decoding=\"async\" width=\"1020\" height=\"1020\" src=\"https:\/\/seasonspa.vn\/wp-content\/uploads\/2025\/08\/da047b54909fdad93df9524bb1c8a1b3-1024x1024.jpg\" class=\"attachment-large size-large\" alt=\"Gi\u1edbi thi\u1ec7u\" ids=\"877,874,876,875,815,621,471\" lightbox_image_size=\"original\" type=\"grid\" grid=\"2\" srcset=\"https:\/\/seasonspa.vn\/wp-content\/uploads\/2025\/08\/da047b54909fdad93df9524bb1c8a1b3-1024x1024.jpg 1024w, https:\/\/seasonspa.vn\/wp-content\/uploads\/2025\/08\/da047b54909fdad93df9524bb1c8a1b3-300x300.jpg 300w, https:\/\/seasonspa.vn\/wp-content\/uploads\/2025\/08\/da047b54909fdad93df9524bb1c8a1b3-150x150.jpg 150w, https:\/\/seasonspa.vn\/wp-content\/uploads\/2025\/08\/da047b54909fdad93df9524bb1c8a1b3-768x768.jpg 768w, https:\/\/seasonspa.vn\/wp-content\/uploads\/2025\/08\/da047b54909fdad93df9524bb1c8a1b3-12x12.jpg 12w, https:\/\/seasonspa.vn\/wp-content\/uploads\/2025\/08\/da047b54909fdad93df9524bb1c8a1b3.jpg 1200w\" sizes=\"auto, (max-width: 1020px) 100vw, 1020px\" \/> <div class=\"overlay fill\"\n style=\"background-color: rgba(0,0,0,.15)\">\n <\/div>\n <\/div>\n <div class=\"box-text text-left dark\" >\n <p><\/p>\n <\/div>\n <\/div>\n <\/a> <\/div>\n <\/div><div class=\"gallery-col col grid-col grid-col-1-3 large-4 medium-12\" >\n <div class=\"col-inner\">\n <a class=\"image-lightbox lightbox-gallery\" href=\"https:\/\/seasonspa.vn\/wp-content\/uploads\/2025\/08\/3e48ba3dd451f7bbe5a31be5ca6ae627.jpg\" title=\"\"> <div class=\"box has-hover gallery-box box-overlay dark box-text-center\">\n <div class=\"box-image\" >\n <img loading=\"lazy\" decoding=\"async\" width=\"600\" height=\"400\" src=\"https:\/\/seasonspa.vn\/wp-content\/uploads\/2025\/08\/3e48ba3dd451f7bbe5a31be5ca6ae627.jpg\" class=\"attachment-large size-large\" alt=\"Gi\u1edbi thi\u1ec7u\" ids=\"877,874,876,875,815,621,471\" lightbox_image_size=\"original\" type=\"grid\" grid=\"2\" srcset=\"https:\/\/seasonspa.vn\/wp-content\/uploads\/2025\/08\/3e48ba3dd451f7bbe5a31be5ca6ae627.jpg 600w, https:\/\/seasonspa.vn\/wp-content\/uploads\/2025\/08\/3e48ba3dd451f7bbe5a31be5ca6ae627-300x200.jpg 300w, https:\/\/seasonspa.vn\/wp-content\/uploads\/2025\/08\/3e48ba3dd451f7bbe5a31be5ca6ae627-18x12.jpg 18w\" sizes=\"auto, (max-width: 600px) 100vw, 600px\" \/> <div class=\"overlay fill\"\n style=\"background-color: rgba(0,0,0,.15)\">\n <\/div>\n <\/div>\n <div class=\"box-text text-left dark\" >\n <p><\/p>\n <\/div>\n <\/div>\n <\/a> <\/div>\n <\/div><div class=\"gallery-col col grid-col grid-col-1-3 large-4 medium-12\" >\n <div class=\"col-inner\">\n <a class=\"image-lightbox lightbox-gallery\" href=\"https:\/\/seasonspa.vn\/wp-content\/uploads\/2025\/08\/e1ca922d2ae0028e48edd5f6c19f7539.jpg\" title=\"\"> <div class=\"box has-hover gallery-box box-overlay dark box-text-center\">\n <div class=\"box-image\" >\n <img loading=\"lazy\" decoding=\"async\" width=\"1020\" height=\"765\" src=\"https:\/\/seasonspa.vn\/wp-content\/uploads\/2025\/08\/e1ca922d2ae0028e48edd5f6c19f7539-1024x768.jpg\" class=\"attachment-large size-large\" alt=\"Gi\u1edbi thi\u1ec7u\" ids=\"877,874,876,875,815,621,471\" lightbox_image_size=\"original\" type=\"grid\" grid=\"2\" srcset=\"https:\/\/seasonspa.vn\/wp-content\/uploads\/2025\/08\/e1ca922d2ae0028e48edd5f6c19f7539-1024x768.jpg 1024w, https:\/\/seasonspa.vn\/wp-content\/uploads\/2025\/08\/e1ca922d2ae0028e48edd5f6c19f7539-300x225.jpg 300w, https:\/\/seasonspa.vn\/wp-content\/uploads\/2025\/08\/e1ca922d2ae0028e48edd5f6c19f7539-768x576.jpg 768w, https:\/\/seasonspa.vn\/wp-content\/uploads\/2025\/08\/e1ca922d2ae0028e48edd5f6c19f7539-16x12.jpg 16w, https:\/\/seasonspa.vn\/wp-content\/uploads\/2025\/08\/e1ca922d2ae0028e48edd5f6c19f7539.jpg 1200w\" sizes=\"auto, (max-width: 1020px) 100vw, 1020px\" \/> <div class=\"overlay fill\"\n style=\"background-color: rgba(0,0,0,.15)\">\n <\/div>\n <\/div>\n <div class=\"box-text text-left dark\" >\n <p><\/p>\n <\/div>\n <\/div>\n <\/a> <\/div>\n <\/div><div class=\"gallery-col col grid-col grid-col-1-3 large-4 medium-12\" >\n <div class=\"col-inner\">\n <a class=\"image-lightbox lightbox-gallery\" href=\"https:\/\/seasonspa.vn\/wp-content\/uploads\/2025\/08\/7cfa77f21d0daa8bfa6d92350b975a3c.jpg\" title=\"\"> <div class=\"box has-hover gallery-box box-overlay dark box-text-center\">\n <div class=\"box-image\" >\n <img loading=\"lazy\" decoding=\"async\" width=\"1020\" height=\"765\" src=\"https:\/\/seasonspa.vn\/wp-content\/uploads\/2025\/08\/7cfa77f21d0daa8bfa6d92350b975a3c.jpg\" class=\"attachment-large size-large\" alt=\"Gi\u1edbi thi\u1ec7u\" ids=\"877,874,876,875,815,621,471\" lightbox_image_size=\"original\" type=\"grid\" grid=\"2\" srcset=\"https:\/\/seasonspa.vn\/wp-content\/uploads\/2025\/08\/7cfa77f21d0daa8bfa6d92350b975a3c.jpg 1024w, https:\/\/seasonspa.vn\/wp-content\/uploads\/2025\/08\/7cfa77f21d0daa8bfa6d92350b975a3c-300x225.jpg 300w, https:\/\/seasonspa.vn\/wp-content\/uploads\/2025\/08\/7cfa77f21d0daa8bfa6d92350b975a3c-768x576.jpg 768w, https:\/\/seasonspa.vn\/wp-content\/uploads\/2025\/08\/7cfa77f21d0daa8bfa6d92350b975a3c-16x12.jpg 16w\" sizes=\"auto, (max-width: 1020px) 100vw, 1020px\" \/> <div class=\"overlay fill\"\n style=\"background-color: rgba(0,0,0,.15)\">\n <\/div>\n <\/div>\n <div class=\"box-text text-left dark\" >\n <p><\/p>\n <\/div>\n <\/div>\n <\/a> <\/div>\n <\/div><div class=\"gallery-col col grid-col grid-col-1-3 large-4 medium-12\" >\n <div class=\"col-inner\">\n <a class=\"image-lightbox lightbox-gallery\" href=\"https:\/\/seasonspa.vn\/wp-content\/uploads\/2025\/08\/b4806eb3cf531a9f1e2581c42929c23b.jpg\" title=\"\"> <div class=\"box has-hover gallery-box box-overlay dark box-text-center\">\n <div class=\"box-image\" >\n <img loading=\"lazy\" decoding=\"async\" width=\"418\" height=\"627\" src=\"https:\/\/seasonspa.vn\/wp-content\/uploads\/2025\/08\/b4806eb3cf531a9f1e2581c42929c23b.jpg\" class=\"attachment-large size-large\" alt=\"\" ids=\"877,874,876,875,815,621,471\" lightbox_image_size=\"original\" type=\"grid\" grid=\"2\" srcset=\"https:\/\/seasonspa.vn\/wp-content\/uploads\/2025\/08\/b4806eb3cf531a9f1e2581c42929c23b.jpg 418w, https:\/\/seasonspa.vn\/wp-content\/uploads\/2025\/08\/b4806eb3cf531a9f1e2581c42929c23b-200x300.jpg 200w, https:\/\/seasonspa.vn\/wp-content\/uploads\/2025\/08\/b4806eb3cf531a9f1e2581c42929c23b-8x12.jpg 8w\" sizes=\"auto, (max-width: 418px) 100vw, 418px\" \/> <div class=\"overlay fill\"\n style=\"background-color: rgba(0,0,0,.15)\">\n <\/div>\n <\/div>\n <div class=\"box-text text-left dark\" >\n <p><\/p>\n <\/div>\n <\/div>\n <\/a> <\/div>\n <\/div><div class=\"gallery-col col grid-col grid-col-1-3 large-4 medium-12\" >\n <div class=\"col-inner\">\n <a class=\"image-lightbox lightbox-gallery\" href=\"https:\/\/seasonspa.vn\/wp-content\/uploads\/2025\/07\/4299-e1716563633114-768x511-1.jpg\" title=\"\"> <div class=\"box has-hover gallery-box box-overlay dark box-text-center\">\n <div class=\"box-image\" >\n <img loading=\"lazy\" decoding=\"async\" width=\"768\" height=\"511\" src=\"https:\/\/seasonspa.vn\/wp-content\/uploads\/2025\/07\/4299-e1716563633114-768x511-1.jpg\" class=\"attachment-large size-large\" alt=\"\" ids=\"877,874,876,875,815,621,471\" lightbox_image_size=\"original\" type=\"grid\" grid=\"2\" \/> <div class=\"overlay fill\"\n style=\"background-color: rgba(0,0,0,.15)\">\n <\/div>\n <\/div>\n <div class=\"box-text text-left dark\" >\n <p><\/p>\n <\/div>\n <\/div>\n <\/a> <\/div>\n <\/div><div class=\"gallery-col col grid-col grid-col-1-3 large-4 medium-12\" >\n <div class=\"col-inner\">\n <a class=\"image-lightbox lightbox-gallery\" href=\"https:\/\/seasonspa.vn\/wp-content\/uploads\/2025\/07\/232048.jpg\" title=\"\"> <div class=\"box has-hover gallery-box box-overlay dark box-text-center\">\n <div class=\"box-image\" >\n <img loading=\"lazy\" decoding=\"async\" width=\"1000\" height=\"667\" src=\"https:\/\/seasonspa.vn\/wp-content\/uploads\/2025\/07\/232048.jpg\" class=\"attachment-large size-large\" alt=\"Massage Th\u00e1i l\u00e0 g\u00ec m\u00e0 nhi\u1ec1u ng\u01b0\u1eddi \u01b0a chu\u1ed9ng nh\u01b0 v\u1eady\" ids=\"877,874,876,875,815,621,471\" lightbox_image_size=\"original\" type=\"grid\" grid=\"2\" \/> <div class=\"overlay fill\"\n style=\"background-color: rgba(0,0,0,.15)\">\n <\/div>\n <\/div>\n <div class=\"box-text text-left dark\" >\n <p><\/p>\n <\/div>\n <\/div>\n <\/a> <\/div>\n <\/div><\/div>\n\t\t<\/div>\n\t\t\t\t\t<\/div>\n\n\t\n<\/div>\n\t\t<\/div>\n\n\t\t\n<style>\n#section_128126023{\n padding-top:30px;\n padding-bottom:30px;\n}\n<\/style>\n\t<\/section>","protected":false},"excerpt":{"rendered":"","protected":false},"author":1,"featured_media":0,"parent":0,"menu_order":4,"comment_status":"closed","ping_status":"closed","template":"page-blank.php","meta":{"_acf_changed":false,"footnotes":""},"class_list":["post-696","page","type-page","status-publish","hentry"],"acf":[],"_links":{"self":[{"href":"https:\/\/seasonspa.vn\/ko\/wp-json\/wp\/v2\/pages\/696","targetHints":{"allow":["GET"]}}],"collection":[{"href":"https:\/\/seasonspa.vn\/ko\/wp-json\/wp\/v2\/pages"}],"about":[{"href":"https:\/\/seasonspa.vn\/ko\/wp-json\/wp\/v2\/types\/page"}],"author":[{"embeddable":true,"href":"https:\/\/seasonspa.vn\/ko\/wp-json\/wp\/v2\/users\/1"}],"replies":[{"embeddable":true,"href":"https:\/\/seasonspa.vn\/ko\/wp-json\/wp\/v2\/comments?post=696"}],"version-history":[{"count":10,"href":"https:\/\/seasonspa.vn\/ko\/wp-json\/wp\/v2\/pages\/696\/revisions"}],"predecessor-version":[{"id":878,"href":"https:\/\/seasonspa.vn\/ko\/wp-json\/wp\/v2\/pages\/696\/revisions\/878"}],"wp:attachment":[{"href":"https:\/\/seasonspa.vn\/ko\/wp-json\/wp\/v2\/media?parent=696"}],"curies":[{"name":"wp","href":"https:\/\/api.w.org\/{rel}","templated":true}]}}