{"id":1064,"date":"2025-08-03T23:28:49","date_gmt":"2025-08-03T16:28:49","guid":{"rendered":"https:\/\/seasonspa.vn\/?page_id=1064"},"modified":"2025-09-25T16:02:48","modified_gmt":"2025-09-25T09:02:48","slug":"massage-body-page","status":"publish","type":"page","link":"https:\/\/seasonspa.vn\/zh\/massage-body-page\/","title":{"rendered":"\u8eab\u4f53\u6309\u6469"},"content":{"rendered":"<section class=\"section\" id=\"section_151934565\">\n\t\t<div class=\"bg section-bg fill bg-fill bg-loaded\" >\n\n\t\t\t\n\t\t\t\n\t\t\t\n\n\t\t<\/div>\n\n\t\t\n\n\t\t<div class=\"section-content relative\">\n\t\t\t\n<div class=\"row\" id=\"row-884912197\">\n\n\t<div id=\"col-838198195\" class=\"col medium-6 small-12 large-6\" >\n\t\t\t\t<div class=\"col-inner\" >\n\t\t\t\n\t\t\t\n<h3>Massage Th\u01b0 Gi\u00e3n<\/h3>\n<p><strong>&#8211; Th\u1eddi gian: 60 &#8211; 90 ph\u00fat<\/strong><\/p>\n<p><strong>&#8211; Gi\u00e1: 450.000 &#8211; 650.000 vn\u0111<\/strong><\/p>\n<p style=\"text-align: justify;\">Massage Th\u01b0 Gi\u00e3n t\u1ea1i <strong data-start=\"204\" data-end=\"218\">Season Spa<\/strong> mang \u0111\u1ebfn tr\u1ea3i nghi\u1ec7m nh\u1eb9 nh\u00e0ng, gi\u00fap gi\u1ea3m \u0111au m\u1ecfi c\u01a1, l\u01b0u th\u00f4ng kh\u00ed huy\u1ebft v\u00e0 xua tan stress sau nh\u1eefng gi\u1edd l\u00e0m vi\u1ec7c c\u0103ng th\u1eb3ng. V\u1edbi kh\u00f4ng gian y\u00ean t\u0129nh, tinh d\u1ea7u thi\u00ean nhi\u00ean v\u00e0 k\u1ef9 thu\u1eadt chuy\u00ean nghi\u1ec7p, li\u1ec7u tr\u00ecnh gi\u00fap b\u1ea1n th\u01b0 th\u00e1i to\u00e0n th\u00e2n, d\u1ec5 ng\u1ee7 h\u01a1n v\u00e0 tr\u00e0n \u0111\u1ea7y n\u0103ng l\u01b0\u1ee3ng m\u1edbi.<\/p>\n<p data-start=\"517\" data-end=\"848\">Kh\u00f4ng ch\u1ec9 d\u1eebng l\u1ea1i \u1edf vi\u1ec7c mang \u0111\u1ebfn c\u1ea3m gi\u00e1c d\u1ec5 ch\u1ecbu, massage th\u01b0 gi\u00e3n c\u00f2n c\u00f3 t\u00e1c d\u1ee5ng gi\u1ea3m \u0111au nh\u1ee9c c\u01a1 b\u1eafp, k\u00edch th\u00edch l\u01b0u th\u00f4ng kh\u00ed huy\u1ebft, h\u1ed7 tr\u1ee3 \u0111\u00e0o th\u1ea3i \u0111\u1ed9c t\u1ed1 v\u00e0 c\u1ea3i thi\u1ec7n ch\u1ea5t l\u01b0\u1ee3ng gi\u1ea5c ng\u1ee7. Sau m\u1ed7i bu\u1ed5i tr\u1ecb li\u1ec7u, b\u1ea1n s\u1ebd c\u1ea3m nh\u1eadn r\u00f5 s\u1ef1 thay \u0111\u1ed5i: c\u01a1 th\u1ec3 nh\u1eb9 nh\u00f5m, tinh th\u1ea7n th\u01b0 th\u00e1i v\u00e0 m\u1ed9t ngu\u1ed3n n\u0103ng l\u01b0\u1ee3ng m\u1edbi \u0111\u01b0\u1ee3c t\u00e1i t\u1ea1o.<\/p>\n<p data-start=\"850\" data-end=\"1060\">V\u1edbi kh\u00f4ng gian spa y\u00ean t\u0129nh, sang tr\u1ecdng v\u00e0 \u0111\u1ed9i ng\u0169 k\u1ef9 thu\u1eadt vi\u00ean gi\u00e0u kinh nghi\u1ec7m, Season Spa cam k\u1ebft mang \u0111\u1ebfn cho b\u1ea1n nh\u1eefng ph\u00fat gi\u00e2y th\u01b0 gi\u00e3n tr\u1ecdn v\u1eb9n, gi\u00fap kh\u00f4i ph\u1ee5c s\u1ef1 c\u00e2n b\u1eb1ng gi\u1eefa s\u1ee9c kh\u1ecfe v\u00e0 tinh th\u1ea7n.<\/p>\n<a href=\"https:\/\/seasonspa.vn\/zh\/massage-thu-gian\/\" target=\"_self\" class=\"button primary lowercase\" style=\"border-radius:99px;\">\n <span>\u67e5\u770b\u8be6\u60c5<\/span>\n <\/a>\n\n<a href=\"tel:0933037978\" target=\"_self\" class=\"button primary is-outline lowercase\" style=\"border-radius:99px;\">\n <i class=\"icon-phone\" aria-hidden=\"true\" ><\/i> <span>\u5feb\u901f\u9884\u7ea6<\/span>\n <\/a>\n\n\t\t<\/div>\n\t\t\t\t\t<\/div>\n\n\t\n\n\t<div id=\"col-2090185379\" class=\"col medium-6 small-12 large-6\" >\n\t\t\t\t<div class=\"col-inner\" >\n\t\t\t\n\t\t\t\n\t<div class=\"img has-hover x md-x lg-x y md-y lg-y\" id=\"image_1526860113\">\n\t\t\t\t\t\t\t\t<div class=\"img-inner image-cover dark\" style=\"padding-top:75%;\">\n\t\t\t<img loading=\"lazy\" decoding=\"async\" width=\"1920\" height=\"1080\" src=\"https:\/\/seasonspa.vn\/wp-content\/uploads\/2025\/09\/DUN05604.webp\" class=\"attachment-original size-original\" alt=\"\" srcset=\"https:\/\/seasonspa.vn\/wp-content\/uploads\/2025\/09\/DUN05604.webp 1920w, https:\/\/seasonspa.vn\/wp-content\/uploads\/2025\/09\/DUN05604-300x169.webp 300w, https:\/\/seasonspa.vn\/wp-content\/uploads\/2025\/09\/DUN05604-1024x576.webp 1024w, https:\/\/seasonspa.vn\/wp-content\/uploads\/2025\/09\/DUN05604-768x432.webp 768w, https:\/\/seasonspa.vn\/wp-content\/uploads\/2025\/09\/DUN05604-1536x864.webp 1536w, https:\/\/seasonspa.vn\/wp-content\/uploads\/2025\/09\/DUN05604-18x10.webp 18w\" sizes=\"auto, (max-width: 1920px) 100vw, 1920px\" \/>\t\t\t\t\t\t\n\t\t\t\t\t<\/div>\n\t\t\t\t\t\t\t\t\n<style>\n#image_1526860113{\n width:100%;\n}\n<\/style>\n\t<\/div>\n\t\n\t\t<\/div>\n\t\t\t\t\t<\/div>\n\n\t\n<\/div>\n<div class=\"row\" id=\"row-1903912716\">\n\n\t<div id=\"col-282795231\" class=\"col medium-6 small-12 large-6\" >\n\t\t\t\t<div class=\"col-inner\" >\n\t\t\t\n\t\t\t\n<h3>\u6cf0\u5f0f\u6309\u6469<\/h3>\n<p><strong>&#8211; Th\u1eddi gian: 60 &#8211; 90 ph\u00fat<\/strong><\/p>\n<p><strong>&#8211; Gi\u00e1: 490.000 &#8211; 700.000 vn\u0111<\/strong><\/p>\n<p style=\"text-align: justify;\">\u5728 Season Spa \u63a2\u7d22\u72ec\u7279\u7684\u6cf0\u5f0f\u53e4\u6cd5\u6309\u6469\u2014\u2014\u8fd9\u662f\u4e00\u79cd\u4e0d\u4f7f\u7528\u7cbe\u6cb9\u7684\u7279\u6b8a\u7597\u6cd5\uff0c\u878d\u5408\u4e86\u4f20\u7edf\u7684\u62c9\u4f38\u548c\u7a74\u4f4d\u6309\u6469\u7cbe\u9ad3\u3002\u8be5\u7597\u7a0b\u6709\u52a9\u4e8e\u91ca\u653e\u963b\u585e\u7684\u80fd\u91cf\uff0c\u6df1\u5c42\u653e\u677e\u808c\u8089\u7fa4\uff0c\u5e26\u6765\u8eab\u4f53\u7684\u6574\u4f53\u5e73\u8861\u611f\u3002<\/p>\n<p style=\"text-align: justify;\">\u5728\u5b81\u9759\u7684\u73af\u5883\u4e2d\uff0c\u60a8\u5c06\u8eab\u7a7f\u8212\u9002\u7684\u8584\u6b3e\u8863\u7269\uff0c\u4eab\u53d7\u6280\u5e08\u4eec\u8f7b\u67d4\u7684\u5168\u8eab\u62c9\u4f38\u52a8\u4f5c\u4e0e\u6df1\u5165\u7684\u7a74\u4f4d\u6309\u538b\u6280\u672f\u3002<\/p>\n<a href=\"https:\/\/seasonspa.vn\/zh\/massage-thai\/\" target=\"_self\" class=\"button primary lowercase\" style=\"border-radius:99px;\">\n <span>\u67e5\u770b\u8be6\u60c5<\/span>\n <\/a>\n\n<a href=\"tel:0933037978\" target=\"_self\" class=\"button primary is-outline lowercase\" style=\"border-radius:99px;\">\n <i class=\"icon-phone\" aria-hidden=\"true\" ><\/i> <span>\u5feb\u901f\u9884\u7ea6<\/span>\n <\/a>\n\n\t\t<\/div>\n\t\t\t\t\t<\/div>\n\n\t\n\n\t<div id=\"col-52801989\" class=\"col medium-6 small-12 large-6\" >\n\t\t\t\t<div class=\"col-inner\" >\n\t\t\t\n\t\t\t\n\t<div class=\"img has-hover x md-x lg-x y md-y lg-y\" id=\"image_697301435\">\n\t\t\t\t\t\t\t\t<div class=\"img-inner image-cover dark\" style=\"padding-top:75%;\">\n\t\t\t<img loading=\"lazy\" decoding=\"async\" width=\"641\" height=\"345\" src=\"https:\/\/seasonspa.vn\/wp-content\/uploads\/2025\/08\/5b73730fd514d64d8009f55646c13cea.jpg\" class=\"attachment-original size-original\" alt=\"\" srcset=\"https:\/\/seasonspa.vn\/wp-content\/uploads\/2025\/08\/5b73730fd514d64d8009f55646c13cea.jpg 641w, https:\/\/seasonspa.vn\/wp-content\/uploads\/2025\/08\/5b73730fd514d64d8009f55646c13cea-300x161.jpg 300w, https:\/\/seasonspa.vn\/wp-content\/uploads\/2025\/08\/5b73730fd514d64d8009f55646c13cea-18x10.jpg 18w\" sizes=\"auto, (max-width: 641px) 100vw, 641px\" \/>\t\t\t\t\t\t\n\t\t\t\t\t<\/div>\n\t\t\t\t\t\t\t\t\n<style>\n#image_697301435{\n width:100%;\n}\n<\/style>\n\t<\/div>\n\t\n\t\t<\/div>\n\t\t\t\t\t<\/div>\n\n\t\n<\/div>\n\t\t<\/div>\n\n\t\t\n<style>\n#section_151934565{\n padding-top:30px;\n padding-bottom:30px;\n}\n<\/style>\n\t<\/section>\n\t\n<div class=\"row\" id=\"row-2095100800\">\n\n\t<div id=\"col-1184204484\" class=\"col medium-6 small-12 large-6\" >\n\t\t\t\t<div class=\"col-inner\" >\n\t\t\t\n\t\t\t\n<h3>\u70ed\u77f3\u6309\u6469<\/h3>\n<p><b>&#8211; Th\u1eddi gian: 60 &#8211; 90 ph\u00fat<\/b><\/p>\n<p><strong>&#8211; Gi\u00e1: 490.000 &#8211; 700.000 vn\u0111<\/strong><\/p>\n<p data-start=\"224\" data-end=\"527\">Massage \u0110\u00e1 N\u00f3ng t\u1ea1i <strong data-start=\"244\" data-end=\"258\">Season Spa<\/strong> l\u00e0 s\u1ef1 k\u1ebft h\u1ee3p h\u00e0i h\u00f2a gi\u1eefa k\u1ef9 thu\u1eadt massage truy\u1ec1n th\u1ed1ng v\u00e0 n\u0103ng l\u01b0\u1ee3ng nhi\u1ec7t t\u1eeb nh\u1eefng vi\u00ean \u0111\u00e1 n\u00fai l\u1eeda t\u1ef1 nhi\u00ean. Nhi\u1ec7t l\u01b0\u1ee3ng t\u1eeb \u0111\u00e1 n\u00f3ng th\u1ea9m th\u1ea5u s\u00e2u v\u00e0o c\u00e1c th\u1edb c\u01a1, gi\u00fap c\u01a1 th\u1ec3 th\u1ea3 l\u1ecfng, gi\u1ea3m \u0111au m\u1ecfi, k\u00edch th\u00edch tu\u1ea7n ho\u00e0n m\u00e1u v\u00e0 mang l\u1ea1i c\u1ea3m gi\u00e1c th\u01b0 gi\u00e3n tuy\u1ec7t \u0111\u1ed1i.<\/p>\n<p data-start=\"529\" data-end=\"789\">Li\u1ec7u tr\u00ecnh kh\u00f4ng ch\u1ec9 gi\u00fap gi\u1ea3i t\u1ecfa c\u0103ng th\u1eb3ng v\u00e0 ph\u1ee5c h\u1ed3i n\u0103ng l\u01b0\u1ee3ng m\u00e0 c\u00f2n h\u1ed7 tr\u1ee3 thanh l\u1ecdc \u0111\u1ed9c t\u1ed1, l\u00e0m m\u1ec1m c\u01a1 b\u1eafp v\u00e0 c\u1ea3i thi\u1ec7n gi\u1ea5c ng\u1ee7. \u0110\u1eb7c bi\u1ec7t, massage \u0111\u00e1 n\u00f3ng r\u1ea5t ph\u00f9 h\u1ee3p v\u1edbi nh\u1eefng ng\u01b0\u1eddi th\u01b0\u1eddng xuy\u00ean \u0111au l\u01b0ng, vai g\u00e1y, ho\u1eb7c ch\u1ecbu nhi\u1ec1u \u00e1p l\u1ef1c c\u00f4ng vi\u1ec7c.<\/p>\n<a href=\"https:\/\/seasonspa.vn\/zh\/massage-da-nong\/\" target=\"_self\" class=\"button primary lowercase\" style=\"border-radius:99px;\">\n <span>\u67e5\u770b\u8be6\u60c5<\/span>\n <\/a>\n\n<a href=\"tel:0933037978\" target=\"_self\" class=\"button primary is-outline lowercase\" style=\"border-radius:99px;\">\n <i class=\"icon-phone\" aria-hidden=\"true\" ><\/i> <span>\u5feb\u901f\u9884\u7ea6<\/span>\n <\/a>\n\n\t\t<\/div>\n\t\t\t\t\t<\/div>\n\n\t\n\n\t<div id=\"col-724445676\" class=\"col medium-6 small-12 large-6\" >\n\t\t\t\t<div class=\"col-inner\" >\n\t\t\t\n\t\t\t\n\t<div class=\"img has-hover x md-x lg-x y md-y lg-y\" id=\"image_652212984\">\n\t\t\t\t\t\t\t\t<div class=\"img-inner image-cover dark\" style=\"padding-top:75%;\">\n\t\t\t<img loading=\"lazy\" decoding=\"async\" width=\"600\" height=\"450\" src=\"https:\/\/seasonspa.vn\/wp-content\/uploads\/2025\/07\/3.jpg\" class=\"attachment-original size-original\" alt=\"\" srcset=\"https:\/\/seasonspa.vn\/wp-content\/uploads\/2025\/07\/3.jpg 600w, https:\/\/seasonspa.vn\/wp-content\/uploads\/2025\/07\/3-300x225.jpg 300w, https:\/\/seasonspa.vn\/wp-content\/uploads\/2025\/07\/3-16x12.jpg 16w\" sizes=\"auto, (max-width: 600px) 100vw, 600px\" \/>\t\t\t\t\t\t\n\t\t\t\t\t<\/div>\n\t\t\t\t\t\t\t\t\n<style>\n#image_652212984{\n width:100%;\n}\n<\/style>\n\t<\/div>\n\t\n\t\t<\/div>\n\t\t\t\t\t<\/div>\n\n\t\n<\/div>\n<div class=\"row\" id=\"row-1777780856\">\n\n\t<div id=\"col-226656340\" class=\"col medium-6 small-12 large-6\" >\n\t\t\t\t<div class=\"col-inner\" >\n\t\t\t\n\t\t\t\n<h3>\u6df1\u5c42\u7ec4\u7ec7\u6309\u6469<\/h3>\n<p><strong>&#8211; Th\u1eddi gian: 60 &#8211; 90 ph\u00fat<\/strong><\/p>\n<p><strong>&#8211; Gi\u00e1: 490.000 &#8211; 700.000 vn\u0111<\/strong><\/p>\n<p style=\"text-align: justify;\">\u6df1\u5c42\u7ec4\u7ec7\u6309\u6469\uff08Deep Tissue Massage\uff09\u662f\u4e00\u79cd\u4e13\u4e1a\u7597\u6cd5\uff0c\u65e8\u5728\u7f13\u89e3\u6df1\u5c42\u808c\u8089\u7d27\u5f20\uff0c\u4fc3\u8fdb\u4f53\u529b\u6062\u590d\uff0c\u5e76\u51cf\u8f7b\u6301\u7eed\u6027\u75bc\u75db\u3002\u65e0\u8bba\u60a8\u662f\u7ecf\u5e38\u8fdb\u884c\u5267\u70c8\u8fd0\u52a8\u3001\u5de5\u4f5c\u8fc7\u5ea6\uff0c\u8fd8\u662f\u957f\u671f\u627f\u53d7\u538b\u529b\u7684\u4eba\u58eb\uff0c\u6b64\u7597\u7a0b\u90fd\u80fd\u4e3a\u60a8\u5e26\u6765\u663e\u8457\u7684\u6539\u5584\u4e0e\u653e\u677e\u3002<\/p>\n<p style=\"text-align: justify;\">\u6211\u4eec\u7ed3\u5408\u4e13\u4e1a\u6280\u672f\u4e0e\u9ad8\u54c1\u8d28\u7684\u653e\u677e\u7a7a\u95f4\uff0c\u4e3a\u8eab\u4f53\u521b\u9020\u7406\u60f3\u7684\u6cbb\u7597\u73af\u5883\uff0c\u52a9\u60a8\u5f7b\u5e95\u653e\u677e\uff0c\u6700\u5927\u9650\u5ea6\u5730\u5438\u6536\u7597\u6548\u3002<\/p>\n<p>\u00a0<\/p>\n<a href=\"https:\/\/seasonspa.vn\/zh\/massage-deep-tissue\/\" target=\"_self\" class=\"button primary lowercase\" style=\"border-radius:99px;\">\n <span>\u67e5\u770b\u8be6\u60c5<\/span>\n <\/a>\n\n<a href=\"tel:0933037978\" target=\"_self\" class=\"button primary is-outline lowercase\" style=\"border-radius:99px;\">\n <i class=\"icon-phone\" aria-hidden=\"true\" ><\/i> <span>\u5feb\u901f\u9884\u7ea6<\/span>\n <\/a>\n\n\t\t<\/div>\n\t\t\t\t\t<\/div>\n\n\t\n\n\t<div id=\"col-985563033\" class=\"col medium-6 small-12 large-6\" >\n\t\t\t\t<div class=\"col-inner\" >\n\t\t\t\n\t\t\t\n\t<div class=\"img has-hover x md-x lg-x y md-y lg-y\" id=\"image_845207582\">\n\t\t\t\t\t\t\t\t<div class=\"img-inner image-cover dark\" style=\"padding-top:75%;\">\n\t\t\t<img loading=\"lazy\" decoding=\"async\" width=\"1080\" height=\"720\" src=\"https:\/\/seasonspa.vn\/wp-content\/uploads\/2025\/09\/DUN05593.webp\" class=\"attachment-original size-original\" alt=\"\" srcset=\"https:\/\/seasonspa.vn\/wp-content\/uploads\/2025\/09\/DUN05593.webp 1080w, https:\/\/seasonspa.vn\/wp-content\/uploads\/2025\/09\/DUN05593-300x200.webp 300w, https:\/\/seasonspa.vn\/wp-content\/uploads\/2025\/09\/DUN05593-1024x683.webp 1024w, https:\/\/seasonspa.vn\/wp-content\/uploads\/2025\/09\/DUN05593-768x512.webp 768w, https:\/\/seasonspa.vn\/wp-content\/uploads\/2025\/09\/DUN05593-18x12.webp 18w\" sizes=\"auto, (max-width: 1080px) 100vw, 1080px\" \/>\t\t\t\t\t\t\n\t\t\t\t\t<\/div>\n\t\t\t\t\t\t\t\t\n<style>\n#image_845207582{\n width:100%;\n}\n<\/style>\n\t<\/div>\n\t\n\t\t<\/div>\n\t\t\t\t\t<\/div>\n\n\t\n<\/div>\n<div class=\"row\" id=\"row-1476092719\">\n\n\t<div id=\"col-1542736332\" class=\"col medium-6 small-12 large-6\" >\n\t\t\t\t<div class=\"col-inner\" >\n\t\t\t\n\t\t\t\n<h3>Massage \u0110\u00e1 Mu\u1ed1i Himalaya<\/h3>\n<p><strong>\u2013 Th\u1eddi gian: 60 \u2013 90 ph\u00fat<\/strong><\/p>\n<p><strong>\u2013 Gi\u00e1: 450.000 \u2013 650.000 vn\u0111<\/strong><\/p>\n<p data-start=\"197\" data-end=\"540\">Massage \u0110\u00e1 Mu\u1ed1i Himalaya t\u1ea1i <strong data-start=\"226\" data-end=\"240\">Season Spa<\/strong> l\u00e0 li\u1ec7u ph\u00e1p ch\u0103m s\u00f3c s\u1ee9c kh\u1ecfe \u0111\u1ed9c \u0111\u00e1o, k\u1ebft h\u1ee3p k\u1ef9 thu\u1eadt massage chuy\u00ean s\u00e2u v\u1edbi n\u0103ng l\u01b0\u1ee3ng kho\u00e1ng ch\u1ea5t tinh khi\u1ebft t\u1eeb \u0111\u00e1 mu\u1ed1i h\u00e0ng tri\u1ec7u n\u0103m tu\u1ed5i. Khi \u0111\u01b0\u1ee3c l\u00e0m n\u00f3ng v\u00e0 \u0111\u1eb7t l\u00ean c\u00e1c huy\u1ec7t \u0111\u1ea1o, \u0111\u00e1 mu\u1ed1i gi\u00fap xua tan m\u1ec7t m\u1ecfi, th\u1ea3i \u0111\u1ed9c t\u1ed1, k\u00edch th\u00edch tu\u1ea7n ho\u00e0n m\u00e1u v\u00e0 mang \u0111\u1ebfn c\u1ea3m gi\u00e1c th\u01b0 th\u00e1i s\u00e2u l\u1eafng.<\/p>\n<p data-start=\"542\" data-end=\"882\">Kh\u00f4ng ch\u1ec9 \u0111\u01a1n thu\u1ea7n l\u00e0 th\u01b0 gi\u00e3n, massage \u0111\u00e1 mu\u1ed1i c\u00f2n c\u00f3 t\u00e1c d\u1ee5ng gi\u1ea3m \u0111au nh\u1ee9c c\u01a1 b\u1eafp, h\u1ed7 tr\u1ee3 c\u1ea3i thi\u1ec7n gi\u1ea5c ng\u1ee7, c\u00e2n b\u1eb1ng ion \u00e2m \u2013 d\u01b0\u01a1ng trong c\u01a1 th\u1ec3 v\u00e0 t\u0103ng c\u01b0\u1eddng s\u1ee9c \u0111\u1ec1 kh\u00e1ng t\u1ef1 nhi\u00ean. \u0110\u00e2y l\u00e0 l\u1ef1a ch\u1ecdn l\u00fd t\u01b0\u1edfng cho nh\u1eefng ai th\u01b0\u1eddng xuy\u00ean c\u0103ng th\u1eb3ng, l\u00e0m vi\u1ec7c nhi\u1ec1u gi\u1edd trong m\u00f4i tr\u01b0\u1eddng \u00e1p l\u1ef1c cao ho\u1eb7c c\u1ea7n ph\u1ee5c h\u1ed3i sau th\u1eddi gian m\u1ec7t m\u1ecfi.<\/p>\n<a href=\"https:\/\/seasonspa.vn\/zh\/massage-da-muoi-himalaya\/\" target=\"_self\" class=\"button primary lowercase\" style=\"border-radius:99px;\">\n <span>\u67e5\u770b\u8be6\u60c5<\/span>\n <\/a>\n\n<a href=\"tel:0933037978\" target=\"_self\" class=\"button primary is-outline lowercase\" style=\"border-radius:99px;\">\n <i class=\"icon-phone\" aria-hidden=\"true\" ><\/i> <span>\u5feb\u901f\u9884\u7ea6<\/span>\n <\/a>\n\n\t\t<\/div>\n\t\t\t\t\t<\/div>\n\n\t\n\n\t<div id=\"col-1288375576\" class=\"col medium-6 small-12 large-6\" >\n\t\t\t\t<div class=\"col-inner\" >\n\t\t\t\n\t\t\t\n\t<div class=\"img has-hover x md-x lg-x y md-y lg-y\" id=\"image_1245613589\">\n\t\t\t\t\t\t\t\t<div class=\"img-inner dark\" >\n\t\t\t<img loading=\"lazy\" decoding=\"async\" width=\"1020\" height=\"574\" src=\"https:\/\/seasonspa.vn\/wp-content\/uploads\/2025\/09\/DUN05630-1024x576.webp\" class=\"attachment-large size-large\" alt=\"\" srcset=\"https:\/\/seasonspa.vn\/wp-content\/uploads\/2025\/09\/DUN05630-1024x576.webp 1024w, https:\/\/seasonspa.vn\/wp-content\/uploads\/2025\/09\/DUN05630-300x169.webp 300w, https:\/\/seasonspa.vn\/wp-content\/uploads\/2025\/09\/DUN05630-768x432.webp 768w, https:\/\/seasonspa.vn\/wp-content\/uploads\/2025\/09\/DUN05630-1536x864.webp 1536w, https:\/\/seasonspa.vn\/wp-content\/uploads\/2025\/09\/DUN05630-18x10.webp 18w, https:\/\/seasonspa.vn\/wp-content\/uploads\/2025\/09\/DUN05630.webp 1920w\" sizes=\"auto, (max-width: 1020px) 100vw, 1020px\" \/>\t\t\t\t\t\t\n\t\t\t\t\t<\/div>\n\t\t\t\t\t\t\t\t\n<style>\n#image_1245613589{\n width:100%;\n}\n<\/style>\n\t<\/div>\n\t\n\t\t<\/div>\n\t\t\t\t\t<\/div>\n\n\t\n<\/div>\n<div class=\"row\" id=\"row-846603882\">\n\n\t<div id=\"col-1051846637\" class=\"col medium-6 small-12 large-6\" >\n\t\t\t\t<div class=\"col-inner\" >\n\t\t\t\n\t\t\t\n<h3>Tr\u1ecb Li\u1ec7u B\u1eb1ng S\u00f3ng\/Xung<\/h3>\n<p><strong>\u2013 Th\u1eddi gian: 60 \u2013 90 ph\u00fat<\/strong><\/p>\n<p><strong>\u2013 Gi\u00e1: 450.000 \u2013 650.000 vn\u0111<\/strong><\/p>\n<p data-start=\"193\" data-end=\"508\"><strong data-start=\"225\" data-end=\"252\">Tr\u1ecb Li\u1ec7u B\u1eb1ng S\u00f3ng\/Xung<\/strong> t\u1ea1i Season Spa mang \u0111\u1ebfn tr\u1ea3i nghi\u1ec7m tr\u1ecb li\u1ec7u ti\u00ean ti\u1ebfn, k\u1ebft h\u1ee3p gi\u1eefa khoa h\u1ecdc v\u00e0 ch\u0103m s\u00f3c to\u00e0n di\u1ec7n. C\u00e1c xung \u0111i\u1ec7n sinh h\u1ecdc\/t\u1ea7n s\u1ed1 s\u00f3ng \u0111\u1eb7c bi\u1ec7t \u0111\u01b0\u1ee3c truy\u1ec1n qua v\u00f9ng c\u01a1 \u2013 kh\u1edbp, gi\u00fap <strong data-start=\"435\" data-end=\"492\">gi\u1ea3m \u0111au nh\u1ee9c, n\u1edbi l\u1ecfng c\u01a1 b\u1eafp v\u00e0 k\u00edch th\u00edch ph\u1ee5c h\u1ed3i<\/strong> t\u1eeb b\u00ean trong.<\/p>\n<p data-start=\"510\" data-end=\"815\">Li\u1ec7u ph\u00e1p n\u00e0y \u0111\u1eb7c bi\u1ec7t ph\u00f9 h\u1ee3p cho nh\u1eefng ai th\u01b0\u1eddng xuy\u00ean m\u1ec7t m\u1ecfi, c\u0103ng c\u01a1 do l\u00e0m vi\u1ec7c nhi\u1ec1u gi\u1edd, ng\u01b0\u1eddi g\u1eb7p v\u1ea5n \u0111\u1ec1 v\u1ec1 vai g\u00e1y, th\u1eaft l\u01b0ng ho\u1eb7c c\u1ea7n h\u1ed7 tr\u1ee3 ph\u1ee5c h\u1ed3i sau ch\u1ea5n th\u01b0\u01a1ng. Nh\u1edd c\u01a1 ch\u1ebf <strong data-start=\"699\" data-end=\"743\">kh\u00f4ng x\u00e2m l\u1ea5n \u2013 an to\u00e0n \u2013 hi\u1ec7u qu\u1ea3 nhanh<\/strong>, c\u01a1 th\u1ec3 \u0111\u01b0\u1ee3c t\u00e1i t\u1ea1o n\u0103ng l\u01b0\u1ee3ng, tinh th\u1ea7n c\u0169ng tr\u1edf n\u00ean nh\u1eb9 nh\u00f5m h\u01a1n.<\/p>\n<p data-start=\"817\" data-end=\"1074\">\u00a0<\/p>\n<a href=\"https:\/\/seasonspa.vn\/zh\/tri-lieu-bang-song-xung\/\" target=\"_self\" class=\"button primary lowercase\" style=\"border-radius:99px;\">\n <span>\u67e5\u770b\u8be6\u60c5<\/span>\n <\/a>\n\n<a href=\"tel:0933037978\" target=\"_self\" class=\"button primary is-outline lowercase\" style=\"border-radius:99px;\">\n <i class=\"icon-phone\" aria-hidden=\"true\" ><\/i> <span>\u5feb\u901f\u9884\u7ea6<\/span>\n <\/a>\n\n\t\t<\/div>\n\t\t\t\t\t<\/div>\n\n\t\n\n\t<div id=\"col-1412368862\" class=\"col medium-6 small-12 large-6\" >\n\t\t\t\t<div class=\"col-inner\" >\n\t\t\t\n\t\t\t\n\t<div class=\"img has-hover x md-x lg-x y md-y lg-y\" id=\"image_693148285\">\n\t\t\t\t\t\t\t\t<div class=\"img-inner dark\" >\n\t\t\t<img loading=\"lazy\" decoding=\"async\" width=\"800\" height=\"530\" src=\"https:\/\/seasonspa.vn\/wp-content\/uploads\/2025\/09\/tri-lieu-bang-songxung1.jpg\" class=\"attachment-large size-large\" alt=\"\" srcset=\"https:\/\/seasonspa.vn\/wp-content\/uploads\/2025\/09\/tri-lieu-bang-songxung1.jpg 800w, https:\/\/seasonspa.vn\/wp-content\/uploads\/2025\/09\/tri-lieu-bang-songxung1-300x199.jpg 300w, https:\/\/seasonspa.vn\/wp-content\/uploads\/2025\/09\/tri-lieu-bang-songxung1-768x509.jpg 768w, https:\/\/seasonspa.vn\/wp-content\/uploads\/2025\/09\/tri-lieu-bang-songxung1-18x12.jpg 18w\" sizes=\"auto, (max-width: 800px) 100vw, 800px\" \/>\t\t\t\t\t\t\n\t\t\t\t\t<\/div>\n\t\t\t\t\t\t\t\t\n<style>\n#image_693148285{\n width:100%;\n}\n<\/style>\n\t<\/div>\n\t\n\t\t<\/div>\n\t\t\t\t\t<\/div>\n\n\t\n<\/div>\n<div class=\"row\" id=\"row-1292701986\">\n\n\t<div id=\"col-686084950\" class=\"col medium-6 small-12 large-6\" >\n\t\t\t\t<div class=\"col-inner\" >\n\t\t\t\n\t\t\t\n<h3>Combo massage \u0111\u00e1 mu\u1ed1i Himalaya &amp; Tr\u1ecb li\u1ec7u b\u1eb1ng s\u00f3ng\/xung<\/h3>\n<p data-start=\"261\" data-end=\"622\">Combo \u0111\u1eb7c bi\u1ec7t t\u1ea1i <strong data-start=\"280\" data-end=\"294\">Season Spa<\/strong> l\u00e0 s\u1ef1 k\u1ebft h\u1ee3p gi\u1eefa li\u1ec7u ph\u00e1p t\u1ef1 nhi\u00ean v\u00e0 c\u00f4ng ngh\u1ec7 hi\u1ec7n \u0111\u1ea1i. <em data-start=\"356\" data-end=\"382\">Massage \u0110\u00e1 Mu\u1ed1i Himalaya<\/em> gi\u00fap c\u01a1 th\u1ec3 th\u1ea3i \u0111\u1ed9c, c\u00e2n b\u1eb1ng n\u0103ng l\u01b0\u1ee3ng v\u00e0 gi\u1ea3i t\u1ecfa c\u0103ng th\u1eb3ng b\u1eb1ng kho\u00e1ng ch\u1ea5t tinh khi\u1ebft t\u1eeb \u0111\u00e1 mu\u1ed1i \u1ea5m. Trong khi \u0111\u00f3, <em data-start=\"505\" data-end=\"530\">Tr\u1ecb Li\u1ec7u B\u1eb1ng S\u00f3ng\/Xung<\/em> t\u00e1c \u0111\u1ed9ng s\u00e2u v\u00e0o c\u01a1 \u2013 kh\u1edbp, h\u1ed7 tr\u1ee3 gi\u1ea3m \u0111au, n\u1edbi l\u1ecfng c\u01a1 b\u1eafp v\u00e0 t\u0103ng c\u01b0\u1eddng tu\u1ea7n ho\u00e0n m\u00e1u.<\/p>\n<p data-start=\"624\" data-end=\"922\">S\u1ef1 k\u1ebft h\u1ee3p n\u00e0y kh\u00f4ng ch\u1ec9 mang l\u1ea1i <strong data-start=\"658\" data-end=\"688\">c\u1ea3m gi\u00e1c th\u01b0 gi\u00e3n s\u00e2u l\u1eafng<\/strong>, m\u00e0 c\u00f2n gi\u00fap c\u01a1 th\u1ec3 <strong data-start=\"709\" data-end=\"731\">ph\u1ee5c h\u1ed3i to\u00e0n di\u1ec7n<\/strong>, \u0111\u1eb7c bi\u1ec7t hi\u1ec7u qu\u1ea3 cho nh\u1eefng ai th\u01b0\u1eddng xuy\u00ean \u0111au m\u1ecfi vai g\u00e1y, l\u01b0ng ho\u1eb7c ch\u1ecbu nhi\u1ec1u \u00e1p l\u1ef1c c\u00f4ng vi\u1ec7c. \u0110\u00e2y l\u00e0 gi\u1ea3i ph\u00e1p \u201c2 trong 1\u201d, v\u1eeba ch\u0103m s\u00f3c tinh th\u1ea7n, v\u1eeba t\u0103ng c\u01b0\u1eddng s\u1ee9c kh\u1ecfe th\u1ec3 ch\u1ea5t.<\/p>\n<a href=\"https:\/\/seasonspa.vn\/zh\/combo-massage-da-muoi-himalaya-tri-lieu-bang-song-xung\/\" target=\"_self\" class=\"button primary lowercase\" style=\"border-radius:99px;\">\n <span>\u67e5\u770b\u8be6\u60c5<\/span>\n <\/a>\n\n<a href=\"tel:0933037978\" target=\"_self\" class=\"button primary is-outline lowercase\" style=\"border-radius:99px;\">\n <i class=\"icon-phone\" aria-hidden=\"true\" ><\/i> <span>\u5feb\u901f\u9884\u7ea6<\/span>\n <\/a>\n\n\t\t<\/div>\n\t\t\t\t\t<\/div>\n\n\t\n\n\t<div id=\"col-893074021\" class=\"col medium-6 small-12 large-6\" >\n\t\t\t\t<div class=\"col-inner\" >\n\t\t\t\n\t\t\t\n\t<div class=\"img has-hover x md-x lg-x y md-y lg-y\" id=\"image_535330443\">\n\t\t\t\t\t\t\t\t<div class=\"img-inner dark\" >\n\t\t\t<img loading=\"lazy\" decoding=\"async\" width=\"1020\" height=\"574\" src=\"https:\/\/seasonspa.vn\/wp-content\/uploads\/2025\/09\/DUN05618-1024x576.webp\" class=\"attachment-large size-large\" alt=\"\" srcset=\"https:\/\/seasonspa.vn\/wp-content\/uploads\/2025\/09\/DUN05618-1024x576.webp 1024w, https:\/\/seasonspa.vn\/wp-content\/uploads\/2025\/09\/DUN05618-300x169.webp 300w, https:\/\/seasonspa.vn\/wp-content\/uploads\/2025\/09\/DUN05618-768x432.webp 768w, https:\/\/seasonspa.vn\/wp-content\/uploads\/2025\/09\/DUN05618-1536x864.webp 1536w, https:\/\/seasonspa.vn\/wp-content\/uploads\/2025\/09\/DUN05618-18x10.webp 18w, https:\/\/seasonspa.vn\/wp-content\/uploads\/2025\/09\/DUN05618.webp 1920w\" sizes=\"auto, (max-width: 1020px) 100vw, 1020px\" \/>\t\t\t\t\t\t\n\t\t\t\t\t<\/div>\n\t\t\t\t\t\t\t\t\n<style>\n#image_535330443{\n width:100%;\n}\n<\/style>\n\t<\/div>\n\t\n\t\t<\/div>\n\t\t\t\t\t<\/div>\n\n\t\n<\/div>","protected":false},"excerpt":{"rendered":"","protected":false},"author":1,"featured_media":864,"parent":0,"menu_order":0,"comment_status":"closed","ping_status":"closed","template":"","meta":{"_acf_changed":false,"footnotes":""},"class_list":["post-1064","page","type-page","status-publish","has-post-thumbnail","hentry"],"acf":[],"_links":{"self":[{"href":"https:\/\/seasonspa.vn\/zh\/wp-json\/wp\/v2\/pages\/1064","targetHints":{"allow":["GET"]}}],"collection":[{"href":"https:\/\/seasonspa.vn\/zh\/wp-json\/wp\/v2\/pages"}],"about":[{"href":"https:\/\/seasonspa.vn\/zh\/wp-json\/wp\/v2\/types\/page"}],"author":[{"embeddable":true,"href":"https:\/\/seasonspa.vn\/zh\/wp-json\/wp\/v2\/users\/1"}],"replies":[{"embeddable":true,"href":"https:\/\/seasonspa.vn\/zh\/wp-json\/wp\/v2\/comments?post=1064"}],"version-history":[{"count":46,"href":"https:\/\/seasonspa.vn\/zh\/wp-json\/wp\/v2\/pages\/1064\/revisions"}],"predecessor-version":[{"id":1371,"href":"https:\/\/seasonspa.vn\/zh\/wp-json\/wp\/v2\/pages\/1064\/revisions\/1371"}],"wp:featuredmedia":[{"embeddable":true,"href":"https:\/\/seasonspa.vn\/zh\/wp-json\/wp\/v2\/media\/864"}],"wp:attachment":[{"href":"https:\/\/seasonspa.vn\/zh\/wp-json\/wp\/v2\/media?parent=1064"}],"curies":[{"name":"wp","href":"https:\/\/api.w.org\/{rel}","templated":true}]}}