{"id":1085,"date":"2025-08-04T12:14:32","date_gmt":"2025-08-04T05:14:32","guid":{"rendered":"https:\/\/seasonspa.vn\/?page_id=1085"},"modified":"2025-09-22T23:34:36","modified_gmt":"2025-09-22T16:34:36","slug":"massage-chan-page","status":"publish","type":"page","link":"https:\/\/seasonspa.vn\/zh\/massage-chan-page\/","title":{"rendered":"\u8db3\u90e8\u6309\u6469"},"content":{"rendered":"<div class=\"row\" id=\"row-602794713\">\n\n\t<div id=\"col-826132603\" class=\"col medium-6 small-12 large-6\" >\n\t\t\t\t<div class=\"col-inner\" >\n\t\t\t\n\t\t\t\n<h3>Ng\u00e2m Ch\u00e2n Th\u1ea3o D\u01b0\u1ee3c &amp; Massage Ch\u00e2n<\/h3>\n<p><strong>\u2013 \u65f6\u95f4\uff1a60\u5206\u949f<\/strong><\/p>\n<p><strong>&#8211; Gi\u00e1: 390.000 vn\u0111<\/strong><\/p>\n<p data-start=\"101\" data-end=\"421\"><strong data-start=\"101\" data-end=\"139\">Ng\u00e2m ch\u00e2n th\u1ea3o d\u01b0\u1ee3c &amp; Massage ch\u00e2n<\/strong> l\u00e0 li\u1ec7u ph\u00e1p th\u01b0 gi\u00e3n k\u1ebft h\u1ee3p gi\u1eefa s\u1ee9c m\u1ea1nh ch\u1eefa l\u00e0nh t\u1eeb thi\u00ean nhi\u00ean v\u00e0 k\u1ef9 thu\u1eadt massage chuy\u00ean s\u00e2u. \u0110\u00f4i ch\u00e2n sau m\u1ed9t ng\u00e0y d\u00e0i s\u1ebd \u0111\u01b0\u1ee3c ng\u00e2m trong n\u01b0\u1edbc \u1ea5m c\u00f9ng th\u1ea3o d\u01b0\u1ee3c t\u1ef1 nhi\u00ean, gi\u00fap khai m\u1edf huy\u1ec7t \u0111\u1ea1o, gi\u1ea3m m\u1ec7t m\u1ecfi, \u0111\u1ed3ng th\u1eddi nu\u00f4i d\u01b0\u1ee1ng l\u00e0n da ch\u00e2n tr\u1edf n\u00ean m\u1ec1m m\u1ea1i, s\u1ea1ch tho\u00e1ng.<\/p>\n<p data-start=\"423\" data-end=\"753\">Ti\u1ebfp n\u1ed1i l\u00e0 c\u00e1c \u0111\u1ed9ng t\u00e1c massage nh\u1eb9 nh\u00e0ng nh\u01b0ng t\u00e1c \u0111\u1ed9ng s\u00e2u, t\u1eadp trung v\u00e0o l\u00f2ng b\u00e0n ch\u00e2n, m\u1eaft c\u00e1, b\u1eafp ch\u00e2n, k\u00edch th\u00edch tu\u1ea7n ho\u00e0n m\u00e1u, gi\u1ea3i t\u1ecfa \u0111au nh\u1ee9c v\u00e0 \u0111em l\u1ea1i c\u1ea3m gi\u00e1c th\u01b0 th\u00e1i to\u00e0n th\u00e2n. Ph\u01b0\u01a1ng ph\u00e1p n\u00e0y kh\u00f4ng ch\u1ec9 gi\u00fap \u0111\u00f4i ch\u00e2n \u0111\u01b0\u1ee3c \u201ct\u00e1i sinh\u201d m\u00e0 c\u00f2n h\u1ed7 tr\u1ee3 c\u1ea3i thi\u1ec7n gi\u1ea5c ng\u1ee7, gi\u1ea3m stress v\u00e0 ph\u1ee5c h\u1ed3i n\u0103ng l\u01b0\u1ee3ng t\u00edch c\u1ef1c.<\/p>\n<p data-start=\"755\" data-end=\"1057\">\u00a0<\/p>\n<a href=\"https:\/\/seasonspa.vn\/zh\/ngam-chan-thao-duoc-massage-chan\/\" target=\"_self\" class=\"button primary lowercase\" style=\"border-radius:99px;\">\n <span>\u67e5\u770b\u8be6\u60c5<\/span>\n <\/a>\n\n<a href=\"tel:0933037978\" target=\"_self\" class=\"button primary is-outline lowercase\" style=\"border-radius:99px;\">\n <i class=\"icon-phone\" aria-hidden=\"true\" ><\/i> <span>\u5feb\u901f\u9884\u7ea6<\/span>\n <\/a>\n\n\t\t<\/div>\n\t\t\t\t\t<\/div>\n\n\t\n\n\t<div id=\"col-159020263\" class=\"col medium-6 small-12 large-6\" >\n\t\t\t\t<div class=\"col-inner\" >\n\t\t\t\n\t\t\t\n\t<div class=\"img has-hover x md-x lg-x y md-y lg-y\" id=\"image_417864142\">\n\t\t\t\t\t\t\t\t<div class=\"img-inner image-cover dark\" style=\"padding-top:75%;\">\n\t\t\t<img loading=\"lazy\" decoding=\"async\" width=\"1200\" height=\"800\" src=\"https:\/\/seasonspa.vn\/wp-content\/uploads\/2025\/08\/d164af5258ab6e47cb4c941402bb4618.jpg\" class=\"attachment-original size-original\" alt=\"\" srcset=\"https:\/\/seasonspa.vn\/wp-content\/uploads\/2025\/08\/d164af5258ab6e47cb4c941402bb4618.jpg 1200w, https:\/\/seasonspa.vn\/wp-content\/uploads\/2025\/08\/d164af5258ab6e47cb4c941402bb4618-300x200.jpg 300w, https:\/\/seasonspa.vn\/wp-content\/uploads\/2025\/08\/d164af5258ab6e47cb4c941402bb4618-1024x683.jpg 1024w, https:\/\/seasonspa.vn\/wp-content\/uploads\/2025\/08\/d164af5258ab6e47cb4c941402bb4618-768x512.jpg 768w, https:\/\/seasonspa.vn\/wp-content\/uploads\/2025\/08\/d164af5258ab6e47cb4c941402bb4618-18x12.jpg 18w\" sizes=\"auto, (max-width: 1200px) 100vw, 1200px\" \/>\t\t\t\t\t\t\n\t\t\t\t\t<\/div>\n\t\t\t\t\t\t\t\t\n<style>\n#image_417864142{\n width:100%;\n}\n<\/style>\n\t<\/div>\n\t\n\t\t<\/div>\n\t\t\t\t\t<\/div>\n\n\t\n<\/div>","protected":false},"excerpt":{"rendered":"","protected":false},"author":1,"featured_media":1041,"parent":0,"menu_order":0,"comment_status":"closed","ping_status":"closed","template":"","meta":{"_acf_changed":false,"footnotes":""},"class_list":["post-1085","page","type-page","status-publish","has-post-thumbnail","hentry"],"acf":[],"_links":{"self":[{"href":"https:\/\/seasonspa.vn\/zh\/wp-json\/wp\/v2\/pages\/1085","targetHints":{"allow":["GET"]}}],"collection":[{"href":"https:\/\/seasonspa.vn\/zh\/wp-json\/wp\/v2\/pages"}],"about":[{"href":"https:\/\/seasonspa.vn\/zh\/wp-json\/wp\/v2\/types\/page"}],"author":[{"embeddable":true,"href":"https:\/\/seasonspa.vn\/zh\/wp-json\/wp\/v2\/users\/1"}],"replies":[{"embeddable":true,"href":"https:\/\/seasonspa.vn\/zh\/wp-json\/wp\/v2\/comments?post=1085"}],"version-history":[{"count":15,"href":"https:\/\/seasonspa.vn\/zh\/wp-json\/wp\/v2\/pages\/1085\/revisions"}],"predecessor-version":[{"id":1272,"href":"https:\/\/seasonspa.vn\/zh\/wp-json\/wp\/v2\/pages\/1085\/revisions\/1272"}],"wp:featuredmedia":[{"embeddable":true,"href":"https:\/\/seasonspa.vn\/zh\/wp-json\/wp\/v2\/media\/1041"}],"wp:attachment":[{"href":"https:\/\/seasonspa.vn\/zh\/wp-json\/wp\/v2\/media?parent=1085"}],"curies":[{"name":"wp","href":"https:\/\/api.w.org\/{rel}","templated":true}]}}