{"id":696,"date":"2025-07-29T19:56:05","date_gmt":"2025-07-29T12:56:05","guid":{"rendered":"https:\/\/seasonspa.vn\/?page_id=696"},"modified":"2025-08-01T22:21:23","modified_gmt":"2025-08-01T15:21:23","slug":"gioi-thieu","status":"publish","type":"page","link":"https:\/\/seasonspa.vn\/zh\/gioi-thieu\/","title":{"rendered":"\u7b80\u4ecb"},"content":{"rendered":"<section class=\"section\" id=\"section_377155479\">\n\t\t<div class=\"bg section-bg fill bg-fill bg-loaded\" >\n\n\t\t\t\n\t\t\t\n\t\t\t\n\n\t\t<\/div>\n\n\t\t\n\n\t\t<div class=\"section-content relative\">\n\t\t\t\n<div class=\"row\" id=\"row-2032232465\">\n\n\t<div id=\"col-1568480815\" class=\"col medium-4 small-12 large-4\" >\n\t\t\t\t<div class=\"col-inner\" >\n\t\t\t\n\t\t\t\n<h2 class=\"sectionTitle\">\u5728\u80e1\u5fd7\u660e\u5e02\u7b2c\u4e00\u90e1\u7684 Season Spa \u627e\u56de\u751f\u6d3b\u7684\u5e73\u8861<\/h2>\n<p><a class=\"banner-txt-btn-primary\" href=\"#\">\u9884\u7ea6<\/a><\/p>\n\t\t<\/div>\n\t\t\t\t\t<\/div>\n\n\t\n\n\t<div id=\"col-1487121847\" class=\"col medium-8 small-12 large-8\" >\n\t\t\t\t<div class=\"col-inner\" >\n\t\t\t\n\t\t\t\n<p>Season Spa \u7684\u8bde\u751f\uff0c\u627f\u8f7d\u7740\u4e00\u4e2a\u4f7f\u547d \u2014\u2014 \u5e26\u6765\u8eab\u5fc3\u5f7b\u5e95\u653e\u677e\u4e0e\u7531\u5185\u800c\u5916\u7684\u5e73\u8861\u4e4b\u7f8e\u3002\u6211\u4eec\u59cb\u7ec8\u575a\u6301\u4ee5\u5ba2\u6237\u7684\u5065\u5eb7\u4e0e\u4f53\u9a8c\u4e3a\u6838\u5fc3\u4ef7\u503c\uff0c\u4e0d\u65ad\u7cbe\u8fdb\u670d\u52a1\u54c1\u8d28\u3002<\/p>\n<p>\u5728\u5b81\u9759\u3001\u6e29\u99a8\u3001\u7ec6\u81f4\u5165\u5fae\u7684\u73af\u5883\u4e2d\uff0cSeason Spa \u62e5\u6709\u4e00\u652f\u4e13\u4e1a\u6280\u5e08\u56e2\u961f\uff0c\u624b\u6cd5\u5a34\u719f\u3001\u656c\u4e1a\u5c3d\u8d23\uff0c\u5c06\u5e2e\u52a9\u60a8\u91ca\u653e\u75b2\u60eb\u3001\u5524\u9192\u8eab\u4f53\u4e2d\u7684\u79ef\u6781\u80fd\u91cf\u3002<\/p>\n<p>\u4ece\u7cbe\u6cb9\u6309\u6469\u3001\u70ed\u77f3\u7597\u6cd5\u3001\u808c\u80a4\u62a4\u7406\uff0c\u5230\u6df1\u5ea6\u653e\u677e\u7597\u7a0b\uff0c\u6bcf\u4e00\u9879\u670d\u52a1\u90fd\u7ecf\u8fc7\u4e2a\u6027\u5316\u8bbe\u8ba1\uff0c\u4ee5\u6ee1\u8db3\u6bcf\u4f4d\u987e\u5ba2\u7684\u72ec\u7279\u9700\u6c42\u3002<\/p>\n<p>Season Spa \u5750\u843d\u4e8e\u80e1\u5fd7\u660e\u5e02\u4e2d\u5fc3\u9ec4\u91d1\u5730\u6bb5\uff0c\u65e9\u5df2\u6210\u4e3a\u6d77\u5185\u5916\u65c5\u5ba2\u4fe1\u8d56\u7684\u653e\u677e\u4e4b\u9009\u3002\u51ed\u501f\u6211\u4eec\u7684\u7528\u5fc3\u3001\u4e13\u4e1a\u4e0e\u4e0d\u65ad\u521b\u65b0\u7cbe\u795e\uff0c\u6211\u4eec\u81ea\u8c6a\u5730\u6210\u4e3a\u60a8\u6bcf\u65e5\u7115\u65b0\u80fd\u91cf\u3001\u5bfb\u56de\u5185\u5fc3\u5b81\u9759\u7684\u7406\u60f3\u4e4b\u5730\u3002<\/p>\n\t\t<\/div>\n\t\t\t\t\t<\/div>\n\n\t\n<\/div>\n\t\t<\/div>\n\n\t\t\n<style>\n#section_377155479{\n padding-top:50px;\n padding-bottom:50px;\n}\n<\/style>\n\t<\/section>\n\t\n\t<section class=\"section\" id=\"section_912318607\">\n\t\t<div class=\"bg section-bg fill bg-fill bg-loaded\" >\n\n\t\t\t\n\t\t\t\n\t\t\t\n\n\t\t<\/div>\n\n\t\t\n\n\t\t<div class=\"section-content relative\">\n\t\t\t\n<div class=\"row\" id=\"row-387446499\">\n\n\t<div id=\"col-2011021058\" class=\"col small-12 large-12\" >\n\t\t\t\t<div class=\"col-inner\" >\n\t\t\t\n\t\t\t\n <style>\n #gallery-1046944007 .grid-col-1{height:600px}\n #gallery-1046944007 .grid-col-1-2{height:300px}\n #gallery-1046944007 .grid-col-1-3{height:200px}\n #gallery-1046944007 .grid-col-2-3{height:400px}\n #gallery-1046944007 .grid-col-1-4{height:150px}\n #gallery-1046944007 .grid-col-3-4{height:450px}\n\n\n \/* Tablet *\/\n @media (max-width:850px){\n #gallery-1046944007 .grid-col-1{height:400px}\n #gallery-1046944007 .grid-col-1-2{height:200px}\n #gallery-1046944007 .grid-col-1-3{height:133.33333333333px}\n #gallery-1046944007 .grid-col-2-3{height:266.66666666667px}\n #gallery-1046944007 .grid-col-1-4{height:100px}\n #gallery-1046944007 .grid-col-3-4{height:300px}\n}\n \n \/* Mobile *\/\n @media (max-width:550px){\n #gallery-1046944007 .grid-col-1{height:400px}\n #gallery-1046944007 .grid-col-1-2{height:200px}\n #gallery-1046944007 .grid-col-1-3{height:133.33333333333px}\n #gallery-1046944007 .grid-col-2-3{height:266.66666666667px}\n #gallery-1046944007 .grid-col-1-4{height:100px}\n #gallery-1046944007 .grid-col-3-4{height:300px}\n}\n \n\n <\/style>\n \n \n <div id=\"gallery-1046944007\" class=\"row row-grid\" data-packery-options='{\"itemSelector\": \".col\", \"gutter\": 0, \"presentageWidth\" : true}'>\n\n <div class=\"gallery-col col grid-col grid-col-1 large-12 medium-12\" >\n <div class=\"col-inner\">\n <a class=\"image-lightbox lightbox-gallery\" href=\"https:\/\/seasonspa.vn\/wp-content\/uploads\/2025\/08\/da047b54909fdad93df9524bb1c8a1b3.jpg\" title=\"\"> <div class=\"box has-hover gallery-box box-overlay dark box-text-center\">\n <div class=\"box-image\" >\n <img loading=\"lazy\" decoding=\"async\" width=\"1020\" height=\"1020\" src=\"https:\/\/seasonspa.vn\/wp-content\/uploads\/2025\/08\/da047b54909fdad93df9524bb1c8a1b3-1024x1024.jpg\" class=\"attachment-large size-large\" alt=\"Gi\u1edbi thi\u1ec7u\" ids=\"877,874,876,875,815,621,471\" lightbox_image_size=\"original\" type=\"grid\" grid=\"2\" srcset=\"https:\/\/seasonspa.vn\/wp-content\/uploads\/2025\/08\/da047b54909fdad93df9524bb1c8a1b3-1024x1024.jpg 1024w, https:\/\/seasonspa.vn\/wp-content\/uploads\/2025\/08\/da047b54909fdad93df9524bb1c8a1b3-300x300.jpg 300w, https:\/\/seasonspa.vn\/wp-content\/uploads\/2025\/08\/da047b54909fdad93df9524bb1c8a1b3-150x150.jpg 150w, https:\/\/seasonspa.vn\/wp-content\/uploads\/2025\/08\/da047b54909fdad93df9524bb1c8a1b3-768x768.jpg 768w, https:\/\/seasonspa.vn\/wp-content\/uploads\/2025\/08\/da047b54909fdad93df9524bb1c8a1b3-12x12.jpg 12w, https:\/\/seasonspa.vn\/wp-content\/uploads\/2025\/08\/da047b54909fdad93df9524bb1c8a1b3.jpg 1200w\" sizes=\"auto, (max-width: 1020px) 100vw, 1020px\" \/> <div class=\"overlay fill\"\n style=\"background-color: rgba(0,0,0,.15)\">\n <\/div>\n <\/div>\n <div class=\"box-text text-left dark\" >\n <p><\/p>\n <\/div>\n <\/div>\n <\/a> <\/div>\n <\/div><div class=\"gallery-col col grid-col grid-col-1-3 large-4 medium-12\" >\n <div class=\"col-inner\">\n <a class=\"image-lightbox lightbox-gallery\" href=\"https:\/\/seasonspa.vn\/wp-content\/uploads\/2025\/08\/3e48ba3dd451f7bbe5a31be5ca6ae627.jpg\" title=\"\"> <div class=\"box has-hover gallery-box box-overlay dark box-text-center\">\n <div class=\"box-image\" >\n <img loading=\"lazy\" decoding=\"async\" width=\"600\" height=\"400\" src=\"https:\/\/seasonspa.vn\/wp-content\/uploads\/2025\/08\/3e48ba3dd451f7bbe5a31be5ca6ae627.jpg\" class=\"attachment-large size-large\" alt=\"Gi\u1edbi thi\u1ec7u\" ids=\"877,874,876,875,815,621,471\" lightbox_image_size=\"original\" type=\"grid\" grid=\"2\" srcset=\"https:\/\/seasonspa.vn\/wp-content\/uploads\/2025\/08\/3e48ba3dd451f7bbe5a31be5ca6ae627.jpg 600w, https:\/\/seasonspa.vn\/wp-content\/uploads\/2025\/08\/3e48ba3dd451f7bbe5a31be5ca6ae627-300x200.jpg 300w, https:\/\/seasonspa.vn\/wp-content\/uploads\/2025\/08\/3e48ba3dd451f7bbe5a31be5ca6ae627-18x12.jpg 18w\" sizes=\"auto, (max-width: 600px) 100vw, 600px\" \/> <div class=\"overlay fill\"\n style=\"background-color: rgba(0,0,0,.15)\">\n <\/div>\n <\/div>\n <div class=\"box-text text-left dark\" >\n <p><\/p>\n <\/div>\n <\/div>\n <\/a> <\/div>\n <\/div><div class=\"gallery-col col grid-col grid-col-1-3 large-4 medium-12\" >\n <div class=\"col-inner\">\n <a class=\"image-lightbox lightbox-gallery\" href=\"https:\/\/seasonspa.vn\/wp-content\/uploads\/2025\/08\/e1ca922d2ae0028e48edd5f6c19f7539.jpg\" title=\"\"> <div class=\"box has-hover gallery-box box-overlay dark box-text-center\">\n <div class=\"box-image\" >\n <img loading=\"lazy\" decoding=\"async\" width=\"1020\" height=\"765\" src=\"https:\/\/seasonspa.vn\/wp-content\/uploads\/2025\/08\/e1ca922d2ae0028e48edd5f6c19f7539-1024x768.jpg\" class=\"attachment-large size-large\" alt=\"Gi\u1edbi thi\u1ec7u\" ids=\"877,874,876,875,815,621,471\" lightbox_image_size=\"original\" type=\"grid\" grid=\"2\" srcset=\"https:\/\/seasonspa.vn\/wp-content\/uploads\/2025\/08\/e1ca922d2ae0028e48edd5f6c19f7539-1024x768.jpg 1024w, https:\/\/seasonspa.vn\/wp-content\/uploads\/2025\/08\/e1ca922d2ae0028e48edd5f6c19f7539-300x225.jpg 300w, https:\/\/seasonspa.vn\/wp-content\/uploads\/2025\/08\/e1ca922d2ae0028e48edd5f6c19f7539-768x576.jpg 768w, https:\/\/seasonspa.vn\/wp-content\/uploads\/2025\/08\/e1ca922d2ae0028e48edd5f6c19f7539-16x12.jpg 16w, https:\/\/seasonspa.vn\/wp-content\/uploads\/2025\/08\/e1ca922d2ae0028e48edd5f6c19f7539.jpg 1200w\" sizes=\"auto, (max-width: 1020px) 100vw, 1020px\" \/> <div class=\"overlay fill\"\n style=\"background-color: rgba(0,0,0,.15)\">\n <\/div>\n <\/div>\n <div class=\"box-text text-left dark\" >\n <p><\/p>\n <\/div>\n <\/div>\n <\/a> <\/div>\n <\/div><div class=\"gallery-col col grid-col grid-col-1-3 large-4 medium-12\" >\n <div class=\"col-inner\">\n <a class=\"image-lightbox lightbox-gallery\" href=\"https:\/\/seasonspa.vn\/wp-content\/uploads\/2025\/08\/7cfa77f21d0daa8bfa6d92350b975a3c.jpg\" title=\"\"> <div class=\"box has-hover gallery-box box-overlay dark box-text-center\">\n <div class=\"box-image\" >\n <img loading=\"lazy\" decoding=\"async\" width=\"1020\" height=\"765\" src=\"https:\/\/seasonspa.vn\/wp-content\/uploads\/2025\/08\/7cfa77f21d0daa8bfa6d92350b975a3c.jpg\" class=\"attachment-large size-large\" alt=\"Gi\u1edbi thi\u1ec7u\" ids=\"877,874,876,875,815,621,471\" lightbox_image_size=\"original\" type=\"grid\" grid=\"2\" srcset=\"https:\/\/seasonspa.vn\/wp-content\/uploads\/2025\/08\/7cfa77f21d0daa8bfa6d92350b975a3c.jpg 1024w, https:\/\/seasonspa.vn\/wp-content\/uploads\/2025\/08\/7cfa77f21d0daa8bfa6d92350b975a3c-300x225.jpg 300w, https:\/\/seasonspa.vn\/wp-content\/uploads\/2025\/08\/7cfa77f21d0daa8bfa6d92350b975a3c-768x576.jpg 768w, https:\/\/seasonspa.vn\/wp-content\/uploads\/2025\/08\/7cfa77f21d0daa8bfa6d92350b975a3c-16x12.jpg 16w\" sizes=\"auto, (max-width: 1020px) 100vw, 1020px\" \/> <div class=\"overlay fill\"\n style=\"background-color: rgba(0,0,0,.15)\">\n <\/div>\n <\/div>\n <div class=\"box-text text-left dark\" >\n <p><\/p>\n <\/div>\n <\/div>\n <\/a> <\/div>\n <\/div><div class=\"gallery-col col grid-col grid-col-1-3 large-4 medium-12\" >\n <div class=\"col-inner\">\n <a class=\"image-lightbox lightbox-gallery\" href=\"https:\/\/seasonspa.vn\/wp-content\/uploads\/2025\/08\/b4806eb3cf531a9f1e2581c42929c23b.jpg\" title=\"\"> <div class=\"box has-hover gallery-box box-overlay dark box-text-center\">\n <div class=\"box-image\" >\n <img loading=\"lazy\" decoding=\"async\" width=\"418\" height=\"627\" src=\"https:\/\/seasonspa.vn\/wp-content\/uploads\/2025\/08\/b4806eb3cf531a9f1e2581c42929c23b.jpg\" class=\"attachment-large size-large\" alt=\"\" ids=\"877,874,876,875,815,621,471\" lightbox_image_size=\"original\" type=\"grid\" grid=\"2\" srcset=\"https:\/\/seasonspa.vn\/wp-content\/uploads\/2025\/08\/b4806eb3cf531a9f1e2581c42929c23b.jpg 418w, https:\/\/seasonspa.vn\/wp-content\/uploads\/2025\/08\/b4806eb3cf531a9f1e2581c42929c23b-200x300.jpg 200w, https:\/\/seasonspa.vn\/wp-content\/uploads\/2025\/08\/b4806eb3cf531a9f1e2581c42929c23b-8x12.jpg 8w\" sizes=\"auto, (max-width: 418px) 100vw, 418px\" \/> <div class=\"overlay fill\"\n style=\"background-color: rgba(0,0,0,.15)\">\n <\/div>\n <\/div>\n <div class=\"box-text text-left dark\" >\n <p><\/p>\n <\/div>\n <\/div>\n <\/a> <\/div>\n <\/div><div class=\"gallery-col col grid-col grid-col-1-3 large-4 medium-12\" >\n <div class=\"col-inner\">\n <a class=\"image-lightbox lightbox-gallery\" href=\"https:\/\/seasonspa.vn\/wp-content\/uploads\/2025\/07\/4299-e1716563633114-768x511-1.jpg\" title=\"\"> <div class=\"box has-hover gallery-box box-overlay dark box-text-center\">\n <div class=\"box-image\" >\n <img loading=\"lazy\" decoding=\"async\" width=\"768\" height=\"511\" src=\"https:\/\/seasonspa.vn\/wp-content\/uploads\/2025\/07\/4299-e1716563633114-768x511-1.jpg\" class=\"attachment-large size-large\" alt=\"\" ids=\"877,874,876,875,815,621,471\" lightbox_image_size=\"original\" type=\"grid\" grid=\"2\" \/> <div class=\"overlay fill\"\n style=\"background-color: rgba(0,0,0,.15)\">\n <\/div>\n <\/div>\n <div class=\"box-text text-left dark\" >\n <p><\/p>\n <\/div>\n <\/div>\n <\/a> <\/div>\n <\/div><div class=\"gallery-col col grid-col grid-col-1-3 large-4 medium-12\" >\n <div class=\"col-inner\">\n <a class=\"image-lightbox lightbox-gallery\" href=\"https:\/\/seasonspa.vn\/wp-content\/uploads\/2025\/07\/232048.jpg\" title=\"\"> <div class=\"box has-hover gallery-box box-overlay dark box-text-center\">\n <div class=\"box-image\" >\n <img loading=\"lazy\" decoding=\"async\" width=\"1000\" height=\"667\" src=\"https:\/\/seasonspa.vn\/wp-content\/uploads\/2025\/07\/232048.jpg\" class=\"attachment-large size-large\" alt=\"Massage Th\u00e1i l\u00e0 g\u00ec m\u00e0 nhi\u1ec1u ng\u01b0\u1eddi \u01b0a chu\u1ed9ng nh\u01b0 v\u1eady\" ids=\"877,874,876,875,815,621,471\" lightbox_image_size=\"original\" type=\"grid\" grid=\"2\" \/> <div class=\"overlay fill\"\n style=\"background-color: rgba(0,0,0,.15)\">\n <\/div>\n <\/div>\n <div class=\"box-text text-left dark\" >\n <p><\/p>\n <\/div>\n <\/div>\n <\/a> <\/div>\n <\/div><\/div>\n\t\t<\/div>\n\t\t\t\t\t<\/div>\n\n\t\n<\/div>\n\t\t<\/div>\n\n\t\t\n<style>\n#section_912318607{\n padding-top:30px;\n padding-bottom:30px;\n}\n<\/style>\n\t<\/section>","protected":false},"excerpt":{"rendered":"","protected":false},"author":1,"featured_media":0,"parent":0,"menu_order":4,"comment_status":"closed","ping_status":"closed","template":"page-blank.php","meta":{"_acf_changed":false,"footnotes":""},"class_list":["post-696","page","type-page","status-publish","hentry"],"acf":[],"_links":{"self":[{"href":"https:\/\/seasonspa.vn\/zh\/wp-json\/wp\/v2\/pages\/696","targetHints":{"allow":["GET"]}}],"collection":[{"href":"https:\/\/seasonspa.vn\/zh\/wp-json\/wp\/v2\/pages"}],"about":[{"href":"https:\/\/seasonspa.vn\/zh\/wp-json\/wp\/v2\/types\/page"}],"author":[{"embeddable":true,"href":"https:\/\/seasonspa.vn\/zh\/wp-json\/wp\/v2\/users\/1"}],"replies":[{"embeddable":true,"href":"https:\/\/seasonspa.vn\/zh\/wp-json\/wp\/v2\/comments?post=696"}],"version-history":[{"count":10,"href":"https:\/\/seasonspa.vn\/zh\/wp-json\/wp\/v2\/pages\/696\/revisions"}],"predecessor-version":[{"id":878,"href":"https:\/\/seasonspa.vn\/zh\/wp-json\/wp\/v2\/pages\/696\/revisions\/878"}],"wp:attachment":[{"href":"https:\/\/seasonspa.vn\/zh\/wp-json\/wp\/v2\/media?parent=696"}],"curies":[{"name":"wp","href":"https:\/\/api.w.org\/{rel}","templated":true}]}}